{"id":32465,"date":"2021-11-11T10:14:39","date_gmt":"2021-11-11T10:14:39","guid":{"rendered":"https:\/\/gumotexboats.com\/eu\/product\/vodotesny-vak-na-drobnosti-2\/"},"modified":"2025-03-07T12:06:12","modified_gmt":"2025-03-07T12:06:12","slug":"vodotesny-vak-na-drobnosti-2","status":"publish","type":"product","link":"https:\/\/gumotexboats.com\/eu\/product\/vodotesny-vak-na-drobnosti-2\/","title":{"rendered":"Drybag for small items"},"content":{"rendered":"<div class=\"fusion-fullwidth fullwidth-box fusion-builder-row-1 fusion-flex-container nonhundred-percent-fullwidth non-hundred-percent-height-scrolling\" style=\"--awb-border-radius-top-left:0px;--awb-border-radius-top-right:0px;--awb-border-radius-bottom-right:0px;--awb-border-radius-bottom-left:0px;--awb-flex-wrap:wrap;\" ><div class=\"fusion-builder-row fusion-row fusion-flex-align-items-flex-start fusion-flex-content-wrap\" style=\"max-width:1289.6px;margin-left: calc(-4% \/ 2 );margin-right: calc(-4% \/ 2 );\"><div class=\"fusion-layout-column fusion_builder_column fusion-builder-column-0 fusion_builder_column_1_1 1_1 fusion-flex-column\" style=\"--awb-bg-size:cover;--awb-width-large:100%;--awb-margin-top-large:0px;--awb-spacing-right-large:1.92%;--awb-margin-bottom-large:0px;--awb-spacing-left-large:1.92%;--awb-width-medium:100%;--awb-spacing-right-medium:1.92%;--awb-spacing-left-medium:1.92%;--awb-width-small:100%;--awb-spacing-right-small:1.92%;--awb-spacing-left-small:1.92%;\"><div class=\"fusion-column-wrapper fusion-flex-justify-content-flex-start fusion-content-layout-column\"><div class=\"fusion-text fusion-text-1\"><p><span style=\"color: #000000;\">Vodot\u011bsn\u00fd vak, ve kter\u00e9m d\u00edky jeho pr\u016fhlednosti hned najdete to, co pr\u00e1v\u011b hled\u00e1te. Dokonale ochr\u00e1n\u00ed v\u011bci proti namo\u010den\u00ed.<\/span><\/p>\n<p><span style=\"color: #000000;\">8 l<\/span><\/p>\n<ul>\n<li><span style=\"color: #000000;\">Rozm\u011bry: 54,5 x 18 cm (V x pr\u016fm\u011br)<\/span><\/li>\n<li><span style=\"color: #000000;\">Hmotnost: 160 g<\/span><\/li>\n<li><span style=\"color: #000000;\">Max. nosnost: 3 kg<\/span><\/li>\n<\/ul>\n<p><span style=\"color: #000000;\">12 l<\/span><\/p>\n<ul>\n<li><span style=\"color: #000000;\">Rozm\u011bry: 60 x 20 cm (V x pr\u016fm\u011br)<\/span><\/li>\n<li><span style=\"color: #000000;\">Hmotnost: 180 g<\/span><\/li>\n<li><span style=\"color: #000000;\">Max. nosnost: 5 kg<\/span><\/li>\n<\/ul>\n<p><span style=\"color: #000000;\">20 l<\/span><\/p>\n<ul>\n<li><span style=\"color: #000000;\">Rozm\u011bry: 62,5 x 25 cm (V x pr\u016fm\u011br)<\/span><\/li>\n<li><span style=\"color: #000000;\">Hmotnost: 300 g<\/span><\/li>\n<li><span style=\"color: #000000;\">Max. nosnost: 8 kg<\/span><\/li>\n<\/ul>\n<\/div><\/div><\/div><\/div><\/div>\n","protected":false},"excerpt":{"rendered":"<p>A waterproof transparent bag where you can easily find what you are looking for. It perfectly protects things against soaking.<\/p>\n","protected":false},"featured_media":36372,"template":"","meta":{"_seopress_robots_primary_cat":"none","_seopress_titles_title":"","_seopress_titles_desc":"","_seopress_robots_index":"","inline_featured_image":false},"product_brand":[],"product_cat":[108],"product_tag":[],"class_list":{"0":"post-32465","1":"product","2":"type-product","3":"status-publish","4":"has-post-thumbnail","6":"product_cat-waterproof-bags","8":"first","9":"instock","10":"shipping-taxable","11":"purchasable","12":"product-type-variable","13":"has-default-attributes"},"_links":{"self":[{"href":"https:\/\/gumotexboats.com\/eu\/wp-json\/wp\/v2\/product\/32465","targetHints":{"allow":["GET"]}}],"collection":[{"href":"https:\/\/gumotexboats.com\/eu\/wp-json\/wp\/v2\/product"}],"about":[{"href":"https:\/\/gumotexboats.com\/eu\/wp-json\/wp\/v2\/types\/product"}],"wp:featuredmedia":[{"embeddable":true,"href":"https:\/\/gumotexboats.com\/eu\/wp-json\/wp\/v2\/media\/36372"}],"wp:attachment":[{"href":"https:\/\/gumotexboats.com\/eu\/wp-json\/wp\/v2\/media?parent=32465"}],"wp:term":[{"taxonomy":"product_brand","embeddable":true,"href":"https:\/\/gumotexboats.com\/eu\/wp-json\/wp\/v2\/product_brand?post=32465"},{"taxonomy":"product_cat","embeddable":true,"href":"https:\/\/gumotexboats.com\/eu\/wp-json\/wp\/v2\/product_cat?post=32465"},{"taxonomy":"product_tag","embeddable":true,"href":"https:\/\/gumotexboats.com\/eu\/wp-json\/wp\/v2\/product_tag?post=32465"}],"curies":[{"name":"wp","href":"https:\/\/api.w.org\/{rel}","templated":true}]}}