{"id":36940,"date":"2025-05-29T11:51:29","date_gmt":"2025-05-29T11:51:29","guid":{"rendered":"https:\/\/gumotexboats.com\/eu\/?page_id=36940"},"modified":"2025-06-27T09:36:10","modified_gmt":"2025-06-27T09:36:10","slug":"5-letna-garancija","status":"publish","type":"page","link":"https:\/\/gumotexboats.com\/eu\/5-letna-garancija\/","title":{"rendered":"5-letna garancija"},"content":{"rendered":"<div class=\"fusion-fullwidth fullwidth-box fusion-builder-row-1 fusion-flex-container nonhundred-percent-fullwidth non-hundred-percent-height-scrolling\" style=\"--awb-border-radius-top-left:0px;--awb-border-radius-top-right:0px;--awb-border-radius-bottom-right:0px;--awb-border-radius-bottom-left:0px;--awb-flex-wrap:wrap;\" ><div class=\"fusion-builder-row fusion-row fusion-flex-align-items-flex-start fusion-flex-content-wrap\" style=\"max-width:1289.6px;margin-left: calc(-4% \/ 2 );margin-right: calc(-4% \/ 2 );\"><div class=\"fusion-layout-column fusion_builder_column fusion-builder-column-0 fusion_builder_column_1_1 1_1 fusion-flex-column\" style=\"--awb-bg-size:cover;--awb-width-large:100%;--awb-margin-top-large:0px;--awb-spacing-right-large:1.92%;--awb-margin-bottom-large:0px;--awb-spacing-left-large:1.92%;--awb-width-medium:100%;--awb-spacing-right-medium:1.92%;--awb-spacing-left-medium:1.92%;--awb-width-small:100%;--awb-spacing-right-small:1.92%;--awb-spacing-left-small:1.92%;\"><div class=\"fusion-column-wrapper fusion-flex-justify-content-flex-start fusion-content-layout-column\"><div class=\"fusion-text fusion-text-1\"><div style=\"display: flex; flex-wrap: wrap; justify-content: center; gap: 10px; text-align: center;\"><a style=\"text-decoration: none; display: inline-flex; align-items: center; gap: 8px;\" href=\"https:\/\/gumotexboats.com\/us\/5-year-warranty\/\"><br \/>\n<img decoding=\"async\" src=\"https:\/\/flagcdn.com\/us.svg\" alt=\"English\" width=\"24\" height=\"16\" \/> English<br \/>\n<\/a><br \/>\n<a style=\"text-decoration: none; display: inline-flex; align-items: center; gap: 8px;\" href=\"https:\/\/gumotexcluny.cz\/gumotex-5leta-zaruka\"><br \/>\n<img decoding=\"async\" src=\"https:\/\/flagcdn.com\/cz.svg\" alt=\"\u010ce\u0161tina\" width=\"24\" height=\"16\" \/> \u010ce\u0161tina<br \/>\n<\/a><br \/>\n<a style=\"text-decoration: none; display: inline-flex; align-items: center; gap: 8px;\" href=\"https:\/\/gumotexboats.com\/eu\/5-jahre-garantie-ohne-ausreden\/\"><br \/>\n<img decoding=\"async\" src=\"https:\/\/flagcdn.com\/de.svg\" alt=\"Deutsch\" width=\"24\" height=\"16\" \/> Deutsch<br \/>\n<\/a><br \/>\n<a style=\"text-decoration: none; display: inline-flex; align-items: center; gap: 8px;\" href=\"https:\/\/gumotexboats.com\/eu\/garantie-5-ans\/\"><br \/>\n<img decoding=\"async\" src=\"https:\/\/flagcdn.com\/fr.svg\" alt=\"Fran\u00e7ais\" width=\"24\" height=\"16\" \/> Fran\u00e7ais<br \/>\n<\/a><br \/>\n<a style=\"text-decoration: none; display: inline-flex; align-items: center; gap: 8px;\" href=\"https:\/\/gumotexboats.com\/eu\/5-anos-de-garantia\/\"><br \/>\n<img decoding=\"async\" src=\"https:\/\/flagcdn.com\/es.svg\" alt=\"Espa\u00f1ol\" width=\"24\" height=\"16\" \/> Espa\u00f1ol<br \/>\n<\/a><br \/>\n<a style=\"text-decoration: none; display: inline-flex; align-items: center; gap: 8px;\" href=\"https:\/\/gumotexboats.com\/eu\/5-ev-garancia\/\"><br \/>\n<img decoding=\"async\" src=\"https:\/\/flagcdn.com\/hu.svg\" alt=\"Magyar\" width=\"24\" height=\"16\" \/> Magyar<br \/>\n<\/a><br \/>\n<a style=\"text-decoration: none; display: inline-flex; align-items: center; gap: 8px;\" href=\"https:\/\/gumotexboats.com\/eu\/garantie-de-5-ani\/\"><br \/>\n<img decoding=\"async\" src=\"https:\/\/flagcdn.com\/ro.svg\" alt=\"Rom\u00e2n\u0103\" width=\"24\" height=\"16\" \/> Rom\u00e2n\u0103<br \/>\n<\/a><br \/>\n<a style=\"text-decoration: none; display: inline-flex; align-items: center; gap: 8px;\" href=\"https:\/\/gumotexboats.com\/eu\/5-anos-de-garantia-2\/\"><br \/>\n<img decoding=\"async\" src=\"https:\/\/flagcdn.com\/pt.svg\" alt=\"Portugu\u00eas\" width=\"24\" height=\"16\" \/> Portugu\u00eas<br \/>\n<\/a><br \/>\n<a style=\"text-decoration: none; display: inline-flex; align-items: center; gap: 8px;\" href=\"https:\/\/gumotexcluny.cz\/5-rocna-zaruka\/\"><br \/>\n<img decoding=\"async\" src=\"https:\/\/flagcdn.com\/sk.svg\" alt=\"Sloven\u010dina\" width=\"24\" height=\"16\" \/> Sloven\u010dina<br \/>\n<\/a><br \/>\n<a style=\"text-decoration: none; display: inline-flex; align-items: center; gap: 8px;\" href=\"https:\/\/gumotexboats.com\/eu\/5-godisnje-jamstvo\/\"><br \/>\n<img decoding=\"async\" src=\"https:\/\/flagcdn.com\/hr.svg\" alt=\"Hrvatski\" width=\"24\" height=\"16\" \/> Hrvatski<br \/>\n<\/a><br \/>\n<a style=\"text-decoration: none; display: inline-flex; align-items: center; gap: 8px;\" href=\"https:\/\/gumotexboats.com\/eu\/5-letna-garancija\/\"><br \/>\n<img decoding=\"async\" src=\"https:\/\/flagcdn.com\/si.svg\" alt=\"Sloven\u0161\u010dina\" width=\"24\" height=\"16\" \/> Sloven\u0161\u010dina<br \/>\n<\/a><br \/>\n<a style=\"text-decoration: none; display: inline-flex; align-items: center; gap: 8px;\" href=\"https:\/\/gumotexboats.com\/eu\/garanzia-di-5-anni\/\"><br \/>\n<img decoding=\"async\" src=\"https:\/\/flagcdn.com\/it.svg\" alt=\"Italiano\" width=\"24\" height=\"16\" \/> Italiano<br \/>\n<\/a><br \/>\n<a style=\"text-decoration: none; display: inline-flex; align-items: center; gap: 8px;\" href=\"https:\/\/gumotexboats.com\/eu\/5-jaar-garantie\/\"><br \/>\n<img decoding=\"async\" src=\"https:\/\/flagcdn.com\/nl.svg\" alt=\"Nederlands\" width=\"24\" height=\"16\" \/> Nederlands<br \/>\n<\/a><br \/>\n<a style=\"text-decoration: none; display: inline-flex; align-items: center; gap: 8px;\" href=\"https:\/\/gumotexboats.com\/eu\/5-letnia-gwarancja\/\"><br \/>\n<img decoding=\"async\" src=\"https:\/\/flagcdn.com\/pl.svg\" alt=\"Polski\" width=\"24\" height=\"16\" \/> Polski<br \/>\n<\/a><\/div>\n<p><a href=\"https:\/\/warranty.gumotexboats.com\/?lang=sl\"><img decoding=\"async\" class=\"alignnone wp-image-36943 size-full\" src=\"https:\/\/gumotexboats.com\/eu\/wp-content\/uploads\/sites\/3\/2025\/05\/5-let-zaruka-CANOE-1920x779-SLOVINSTINA.jpg\" alt=\"\" width=\"1920\" height=\"779\" srcset=\"https:\/\/gumotexboats.com\/eu\/wp-content\/uploads\/sites\/3\/2025\/05\/5-let-zaruka-CANOE-1920x779-SLOVINSTINA-200x81.jpg 200w, https:\/\/gumotexboats.com\/eu\/wp-content\/uploads\/sites\/3\/2025\/05\/5-let-zaruka-CANOE-1920x779-SLOVINSTINA-300x122.jpg 300w, https:\/\/gumotexboats.com\/eu\/wp-content\/uploads\/sites\/3\/2025\/05\/5-let-zaruka-CANOE-1920x779-SLOVINSTINA-400x162.jpg 400w, https:\/\/gumotexboats.com\/eu\/wp-content\/uploads\/sites\/3\/2025\/05\/5-let-zaruka-CANOE-1920x779-SLOVINSTINA-500x203.jpg 500w, https:\/\/gumotexboats.com\/eu\/wp-content\/uploads\/sites\/3\/2025\/05\/5-let-zaruka-CANOE-1920x779-SLOVINSTINA-600x243.jpg 600w, https:\/\/gumotexboats.com\/eu\/wp-content\/uploads\/sites\/3\/2025\/05\/5-let-zaruka-CANOE-1920x779-SLOVINSTINA-669x272.jpg 669w, https:\/\/gumotexboats.com\/eu\/wp-content\/uploads\/sites\/3\/2025\/05\/5-let-zaruka-CANOE-1920x779-SLOVINSTINA-700x284.jpg 700w, https:\/\/gumotexboats.com\/eu\/wp-content\/uploads\/sites\/3\/2025\/05\/5-let-zaruka-CANOE-1920x779-SLOVINSTINA-768x312.jpg 768w, https:\/\/gumotexboats.com\/eu\/wp-content\/uploads\/sites\/3\/2025\/05\/5-let-zaruka-CANOE-1920x779-SLOVINSTINA-800x325.jpg 800w, https:\/\/gumotexboats.com\/eu\/wp-content\/uploads\/sites\/3\/2025\/05\/5-let-zaruka-CANOE-1920x779-SLOVINSTINA-1024x415.jpg 1024w, https:\/\/gumotexboats.com\/eu\/wp-content\/uploads\/sites\/3\/2025\/05\/5-let-zaruka-CANOE-1920x779-SLOVINSTINA-1200x487.jpg 1200w, https:\/\/gumotexboats.com\/eu\/wp-content\/uploads\/sites\/3\/2025\/05\/5-let-zaruka-CANOE-1920x779-SLOVINSTINA-1536x623.jpg 1536w, https:\/\/gumotexboats.com\/eu\/wp-content\/uploads\/sites\/3\/2025\/05\/5-let-zaruka-CANOE-1920x779-SLOVINSTINA.jpg 1920w\" sizes=\"(max-width: 1920px) 100vw, 1920px\" \/><\/a><\/p>\n<p>Odhod na vodo bi moral biti sinonim za svobodo, avanturo in zavest, da se lahko zanesete na sebe in svojo opremo.<\/p>\n<p>Zato za na\u0161e \u010dolne GUMOTEX ponujamo 5-letno garancijo. To ni le vrstica v drobnem tisku. Obljubimo vam, da bomo z vami na dolgi rok.<\/p>\n<h2>Kaj boste s tem pridobili?<\/h2>\n<ul>\n<li>5 let miru \u2013 \u010de se kaj pokvari zaradi proizvodne napake, bomo poskrbeli za to.<\/li>\n<li>Neposredna podpora proizvajalca \u2013 brez posrednikov, brez izgovorov.<\/li>\n<li>Dolgoro\u010dno zaupanje \u2013 ne le za eno ali dve sezoni.<\/li>\n<li>Za\u0161\u010dita nalo\u017ebe \u2013 za \u010doln, vreden tiso\u010de, je to povsem smiselno.<\/li>\n<li>Enostaven postopek registracije \u2013 traja le nekaj minut.<\/li>\n<li>Ve\u010d \u010dasa za u\u017eivanje na vodi pomeni manj \u010dasa za re\u0161evanje te\u017eav.<\/li>\n<\/ul>\n<h2>Zakaj 5 let?<\/h2>\n<p>Ker so \u010dolni GUMOTEX izdelani za dolgo \u017eivljenjsko dobo. Veliko ve\u010d kot le eno sezono.<br \/>\nSo zanesljivi spremljevalci za leta raziskovanja \u2013 in mi stojimo za njimi.<br \/>\nOd 30. maja 2025 lahko vsak kon\u010dni kupec dobi na\u0161o podalj\u0161ano 5-letno brezpla\u010dno garancijo.<br \/>\nVse, kar morate storiti, je, da po nakupu registrirate svoj \u010doln.<br \/>\nGarancija velja po vsej Evropi in jo izda neposredno GUMOTEX \u2013 ni distributerjev ali anonimnih klicnih centrov.<\/p>\n<p><a class=\"mt-3 button button-gmtx\" href=\"https:\/\/warranty.gumotexboats.com\/?lang=sl\">REGISTRIRAJTE SVOJ \u010cOLN<\/a><\/p>\n<h2 style=\"margin-top: 3rem;\">Kaj garancija krije?<\/h2>\n<ul>\n<li>Proizvodne napake<\/li>\n<li>Napake v materialu, vklju\u010dno z \u0161ivi, ventili in konstrukcijo<\/li>\n<li>Normalna rekreativna uporaba s strani kon\u010dnega kupca<\/li>\n<\/ul>\n<h2>Kaj garancija ne krije?<\/h2>\n<ul>\n<li>Po\u0161kodbe zaradi malomarnosti, nezadostnega vzdr\u017eevanja, nesre\u010d, nenormalne ali neustrezne uporabe, nepravilnega sestavljanja ali poskusov popravila, po\u0161kodbe med prevozom ali shranjevanjem<\/li>\n<li>Neodobrene spremembe (odvra\u010damo od samostojnega prilagajanja, ki je v nasprotju z na\u0161imi uradnimi navodili na YouTube)<\/li>\n<li>Praskine, razpoke, luknje<\/li>\n<li>Normalna obraba<\/li>\n<li>Vle\u010denje \u010dolna po grobih povr\u0161inah<\/li>\n<li>Preseganje najve\u010dje te\u017ee ali zmogljivosti uporabnika<\/li>\n<li>Ekstremna po\u0161kodba zaradi UV-\u017earkov zaradi pomanjkanja za\u0161\u010dite (razgradnja materiala ali bledenje)<\/li>\n<li>Po\u0161kodbe zaradi prekomernega napihovanja ali izpostavljenosti vro\u010dini (npr. raztezanje zaradi sonca)<\/li>\n<li>Vandali ali namerna po\u0161kodba<\/li>\n<li>Po\u0161kodbe zaradi vi\u0161je sile ali slabega vremena<\/li>\n<li>Nepravilno \u010di\u0161\u010denje ali pomanjkanje vzdr\u017eevanja<\/li>\n<li>Po\u0161kodbe, ki jih povzro\u010dijo \u017eivali ali vodne\/morske rastline<\/li>\n<li>Po\u0161kodbe zaradi kemikalij ali slabe kakovosti vode<\/li>\n<\/ul>\n<p>GUMOTEX ni odgovoren za garancijske vrnitve v dr\u017eave, ki niso tiste, v katere je bil izdelek prvotno dostavljen.<\/p>\n<div class=\"blue_bg\">\n<h2>Kako aktivirati garancijo<\/h2>\n<p>To je enostavno in traja le nekaj minut:<\/p>\n<ul>\n<li>Kupite \u010doln GUMOTEX pri uradnem prodajalcu ali na spletu<\/li>\n<li>Registrirajte ga v 30 dneh<\/li>\n<li>Izpolnite kratek obrazec \u2013 ime, tip \u010dolna, dokazilo o nakupu<\/li>\n<li>Prejeli boste potrditveno e-po\u0161to in va\u0161a 5-letna garancija bo aktivna<\/li>\n<\/ul>\n<p><a class=\"mt-3 button button-gmtx\" href=\"https:\/\/warranty.gumotexboats.com\/?lang=sl\">REGISTRIRAJTE SVOJ \u010cOLN<\/a><\/p>\n<\/div>\n<h2>GUMOTEX \u2013 \u010de\u0161ka blagovna znamka, globalna kakovost<\/h2>\n<ul>\n<li>Proizvedeno na \u010ce\u0161kem \u2013 v B\u0159eclavu, vse pod eno streho<\/li>\n<li>Lastni\u0161ki material NITRILON\u00ae \u2013 odporen proti prebojem, UV-\u017earkom in soli<\/li>\n<li>Dvostopenjsko testiranje kakovosti vsakega \u010dolna<\/li>\n<li>Zaupanje tiso\u010dih uporabnikov po vsem svetu<\/li>\n<\/ul>\n<p>Smo \u010de\u0161ko podjetje z mednarodnim ugledom. Na enem mestu oblikujemo, proizvajamo in testiramo.<\/p>\n<p><strong>Zavedamo se, da va\u0161e zaupanje ni samoumevno, zato si ga \u017eelimo zaslu\u017eiti.<\/strong><\/p>\n<\/div><\/div><\/div><\/div><\/div>\n","protected":false},"excerpt":{"rendered":"","protected":false},"author":13,"featured_media":0,"parent":0,"menu_order":0,"comment_status":"closed","ping_status":"closed","template":"","meta":{"_seopress_robots_primary_cat":"","_seopress_titles_title":"","_seopress_titles_desc":"","_seopress_robots_index":"","inline_featured_image":false,"footnotes":""},"class_list":["post-36940","page","type-page","status-publish","hentry"],"_links":{"self":[{"href":"https:\/\/gumotexboats.com\/eu\/wp-json\/wp\/v2\/pages\/36940","targetHints":{"allow":["GET"]}}],"collection":[{"href":"https:\/\/gumotexboats.com\/eu\/wp-json\/wp\/v2\/pages"}],"about":[{"href":"https:\/\/gumotexboats.com\/eu\/wp-json\/wp\/v2\/types\/page"}],"author":[{"embeddable":true,"href":"https:\/\/gumotexboats.com\/eu\/wp-json\/wp\/v2\/users\/13"}],"replies":[{"embeddable":true,"href":"https:\/\/gumotexboats.com\/eu\/wp-json\/wp\/v2\/comments?post=36940"}],"version-history":[{"count":5,"href":"https:\/\/gumotexboats.com\/eu\/wp-json\/wp\/v2\/pages\/36940\/revisions"}],"predecessor-version":[{"id":37033,"href":"https:\/\/gumotexboats.com\/eu\/wp-json\/wp\/v2\/pages\/36940\/revisions\/37033"}],"wp:attachment":[{"href":"https:\/\/gumotexboats.com\/eu\/wp-json\/wp\/v2\/media?parent=36940"}],"curies":[{"name":"wp","href":"https:\/\/api.w.org\/{rel}","templated":true}]}}