{"id":36923,"date":"2025-05-23T11:20:52","date_gmt":"2025-05-23T11:20:52","guid":{"rendered":"https:\/\/gumotexboats.com\/eu\/?page_id=36923"},"modified":"2025-06-27T09:32:56","modified_gmt":"2025-06-27T09:32:56","slug":"5-anos-de-garantia-2","status":"publish","type":"page","link":"https:\/\/gumotexboats.com\/eu\/5-anos-de-garantia-2\/","title":{"rendered":"5 anos de garantia"},"content":{"rendered":"<div class=\"fusion-fullwidth fullwidth-box fusion-builder-row-1 fusion-flex-container nonhundred-percent-fullwidth non-hundred-percent-height-scrolling\" style=\"--awb-border-radius-top-left:0px;--awb-border-radius-top-right:0px;--awb-border-radius-bottom-right:0px;--awb-border-radius-bottom-left:0px;--awb-flex-wrap:wrap;\" ><div class=\"fusion-builder-row fusion-row fusion-flex-align-items-flex-start fusion-flex-content-wrap\" style=\"max-width:1289.6px;margin-left: calc(-4% \/ 2 );margin-right: calc(-4% \/ 2 );\"><div class=\"fusion-layout-column fusion_builder_column fusion-builder-column-0 fusion_builder_column_1_1 1_1 fusion-flex-column\" style=\"--awb-bg-size:cover;--awb-width-large:100%;--awb-margin-top-large:0px;--awb-spacing-right-large:1.92%;--awb-margin-bottom-large:0px;--awb-spacing-left-large:1.92%;--awb-width-medium:100%;--awb-spacing-right-medium:1.92%;--awb-spacing-left-medium:1.92%;--awb-width-small:100%;--awb-spacing-right-small:1.92%;--awb-spacing-left-small:1.92%;\"><div class=\"fusion-column-wrapper fusion-flex-justify-content-flex-start fusion-content-layout-column\"><div class=\"fusion-text fusion-text-1\"><div style=\"display: flex; flex-wrap: wrap; justify-content: center; gap: 10px; text-align: center;\"><a style=\"text-decoration: none; display: inline-flex; align-items: center; gap: 8px;\" href=\"https:\/\/gumotexboats.com\/us\/5-year-warranty\/\"><br \/>\n<img decoding=\"async\" src=\"https:\/\/flagcdn.com\/us.svg\" alt=\"English\" width=\"24\" height=\"16\" \/> English<br \/>\n<\/a><br \/>\n<a style=\"text-decoration: none; display: inline-flex; align-items: center; gap: 8px;\" href=\"https:\/\/gumotexcluny.cz\/gumotex-5leta-zaruka\"><br \/>\n<img decoding=\"async\" src=\"https:\/\/flagcdn.com\/cz.svg\" alt=\"\u010ce\u0161tina\" width=\"24\" height=\"16\" \/> \u010ce\u0161tina<br \/>\n<\/a><br \/>\n<a style=\"text-decoration: none; display: inline-flex; align-items: center; gap: 8px;\" href=\"https:\/\/gumotexboats.com\/eu\/5-jahre-garantie-ohne-ausreden\/\"><br \/>\n<img decoding=\"async\" src=\"https:\/\/flagcdn.com\/de.svg\" alt=\"Deutsch\" width=\"24\" height=\"16\" \/> Deutsch<br \/>\n<\/a><br \/>\n<a style=\"text-decoration: none; display: inline-flex; align-items: center; gap: 8px;\" href=\"https:\/\/gumotexboats.com\/eu\/garantie-5-ans\/\"><br \/>\n<img decoding=\"async\" src=\"https:\/\/flagcdn.com\/fr.svg\" alt=\"Fran\u00e7ais\" width=\"24\" height=\"16\" \/> Fran\u00e7ais<br \/>\n<\/a><br \/>\n<a style=\"text-decoration: none; display: inline-flex; align-items: center; gap: 8px;\" href=\"https:\/\/gumotexboats.com\/eu\/5-anos-de-garantia\/\"><br \/>\n<img decoding=\"async\" src=\"https:\/\/flagcdn.com\/es.svg\" alt=\"Espa\u00f1ol\" width=\"24\" height=\"16\" \/> Espa\u00f1ol<br \/>\n<\/a><br \/>\n<a style=\"text-decoration: none; display: inline-flex; align-items: center; gap: 8px;\" href=\"https:\/\/gumotexboats.com\/eu\/5-ev-garancia\/\"><br \/>\n<img decoding=\"async\" src=\"https:\/\/flagcdn.com\/hu.svg\" alt=\"Magyar\" width=\"24\" height=\"16\" \/> Magyar<br \/>\n<\/a><br \/>\n<a style=\"text-decoration: none; display: inline-flex; align-items: center; gap: 8px;\" href=\"https:\/\/gumotexboats.com\/eu\/garantie-de-5-ani\/\"><br \/>\n<img decoding=\"async\" src=\"https:\/\/flagcdn.com\/ro.svg\" alt=\"Rom\u00e2n\u0103\" width=\"24\" height=\"16\" \/> Rom\u00e2n\u0103<br \/>\n<\/a><br \/>\n<a style=\"text-decoration: none; display: inline-flex; align-items: center; gap: 8px;\" href=\"https:\/\/gumotexboats.com\/eu\/5-anos-de-garantia-2\/\"><br \/>\n<img decoding=\"async\" src=\"https:\/\/flagcdn.com\/pt.svg\" alt=\"Portugu\u00eas\" width=\"24\" height=\"16\" \/> Portugu\u00eas<br \/>\n<\/a><br \/>\n<a style=\"text-decoration: none; display: inline-flex; align-items: center; gap: 8px;\" href=\"https:\/\/gumotexcluny.cz\/5-rocna-zaruka\/\"><br \/>\n<img decoding=\"async\" src=\"https:\/\/flagcdn.com\/sk.svg\" alt=\"Sloven\u010dina\" width=\"24\" height=\"16\" \/> Sloven\u010dina<br \/>\n<\/a><br \/>\n<a style=\"text-decoration: none; display: inline-flex; align-items: center; gap: 8px;\" href=\"https:\/\/gumotexboats.com\/eu\/5-godisnje-jamstvo\/\"><br \/>\n<img decoding=\"async\" src=\"https:\/\/flagcdn.com\/hr.svg\" alt=\"Hrvatski\" width=\"24\" height=\"16\" \/> Hrvatski<br \/>\n<\/a><br \/>\n<a style=\"text-decoration: none; display: inline-flex; align-items: center; gap: 8px;\" href=\"https:\/\/gumotexboats.com\/eu\/5-letna-garancija\/\"><br \/>\n<img decoding=\"async\" src=\"https:\/\/flagcdn.com\/si.svg\" alt=\"Sloven\u0161\u010dina\" width=\"24\" height=\"16\" \/> Sloven\u0161\u010dina<br \/>\n<\/a><br \/>\n<a style=\"text-decoration: none; display: inline-flex; align-items: center; gap: 8px;\" href=\"https:\/\/gumotexboats.com\/eu\/garanzia-di-5-anni\/\"><br \/>\n<img decoding=\"async\" src=\"https:\/\/flagcdn.com\/it.svg\" alt=\"Italiano\" width=\"24\" height=\"16\" \/> Italiano<br \/>\n<\/a><br \/>\n<a style=\"text-decoration: none; display: inline-flex; align-items: center; gap: 8px;\" href=\"https:\/\/gumotexboats.com\/eu\/5-jaar-garantie\/\"><br \/>\n<img decoding=\"async\" src=\"https:\/\/flagcdn.com\/nl.svg\" alt=\"Nederlands\" width=\"24\" height=\"16\" \/> Nederlands<br \/>\n<\/a><br \/>\n<a style=\"text-decoration: none; display: inline-flex; align-items: center; gap: 8px;\" href=\"https:\/\/gumotexboats.com\/eu\/5-letnia-gwarancja\/\"><br \/>\n<img decoding=\"async\" src=\"https:\/\/flagcdn.com\/pl.svg\" alt=\"Polski\" width=\"24\" height=\"16\" \/> Polski<br \/>\n<\/a><\/div>\n<p><a href=\"https:\/\/warranty.gumotexboats.com\/?lang=pt\"><img decoding=\"async\" class=\"alignnone wp-image-36877 size-full\" src=\"https:\/\/gumotexboats.com\/eu\/wp-content\/uploads\/sites\/3\/2025\/05\/5-let-zaruka-CANOE-1920x779-PT.jpg\" alt=\"\" width=\"1920\" height=\"779\" srcset=\"https:\/\/gumotexboats.com\/eu\/wp-content\/uploads\/sites\/3\/2025\/05\/5-let-zaruka-CANOE-1920x779-PT-200x81.jpg 200w, https:\/\/gumotexboats.com\/eu\/wp-content\/uploads\/sites\/3\/2025\/05\/5-let-zaruka-CANOE-1920x779-PT-300x122.jpg 300w, https:\/\/gumotexboats.com\/eu\/wp-content\/uploads\/sites\/3\/2025\/05\/5-let-zaruka-CANOE-1920x779-PT-400x162.jpg 400w, https:\/\/gumotexboats.com\/eu\/wp-content\/uploads\/sites\/3\/2025\/05\/5-let-zaruka-CANOE-1920x779-PT-500x203.jpg 500w, https:\/\/gumotexboats.com\/eu\/wp-content\/uploads\/sites\/3\/2025\/05\/5-let-zaruka-CANOE-1920x779-PT-600x243.jpg 600w, https:\/\/gumotexboats.com\/eu\/wp-content\/uploads\/sites\/3\/2025\/05\/5-let-zaruka-CANOE-1920x779-PT-669x272.jpg 669w, https:\/\/gumotexboats.com\/eu\/wp-content\/uploads\/sites\/3\/2025\/05\/5-let-zaruka-CANOE-1920x779-PT-700x284.jpg 700w, https:\/\/gumotexboats.com\/eu\/wp-content\/uploads\/sites\/3\/2025\/05\/5-let-zaruka-CANOE-1920x779-PT-768x312.jpg 768w, https:\/\/gumotexboats.com\/eu\/wp-content\/uploads\/sites\/3\/2025\/05\/5-let-zaruka-CANOE-1920x779-PT-800x325.jpg 800w, https:\/\/gumotexboats.com\/eu\/wp-content\/uploads\/sites\/3\/2025\/05\/5-let-zaruka-CANOE-1920x779-PT-1024x415.jpg 1024w, https:\/\/gumotexboats.com\/eu\/wp-content\/uploads\/sites\/3\/2025\/05\/5-let-zaruka-CANOE-1920x779-PT-1200x487.jpg 1200w, https:\/\/gumotexboats.com\/eu\/wp-content\/uploads\/sites\/3\/2025\/05\/5-let-zaruka-CANOE-1920x779-PT-1536x623.jpg 1536w, https:\/\/gumotexboats.com\/eu\/wp-content\/uploads\/sites\/3\/2025\/05\/5-let-zaruka-CANOE-1920x779-PT.jpg 1920w\" sizes=\"(max-width: 1920px) 100vw, 1920px\" \/><\/a><\/p>\n<p>Ir para a \u00e1gua deve ser uma quest\u00e3o de liberdade, aventura e saber que pode contar consigo e com o seu equipamento.<\/p>\n<p>\u00c9 por isso que oferecemos uma garantia de 5 anos nos nossos barcos GUMOTEX. N\u00e3o se trata apenas de uma linha em letras mi\u00fadas. Prometemos apoi\u00e1-lo durante muito tempo.<\/p>\n<h2>O que \u00e9 que ganha com isso?<\/h2>\n<ul>\n<li><strong>5 anos de paz de esp\u00edrito<\/strong> &#8211; se algo correr mal devido a uma falha de fabrico, n\u00f3s tratamos do assunto.<\/li>\n<li><strong>Apoio direto do fabricante<\/strong> &#8211; sem intermedi\u00e1rios, sem desculpas.<\/li>\n<li><strong>Confian\u00e7a a longo prazo<\/strong> &#8211; n\u00e3o apenas durante uma ou duas \u00e9pocas.<\/li>\n<li><strong>Prote\u00e7\u00e3o do investimento<\/strong> &#8211; para um barco que vale milhares, faz todo o sentido.<\/li>\n<li><strong>Processo de registo simples<\/strong> &#8211; demora apenas alguns minutos.<\/li>\n<li>Mais tempo para desfrutar da \u00e1gua significa menos tempo para lidar com problemas.<\/li>\n<\/ul>\n<h2>Porqu\u00ea 5 anos?<\/h2>\n<p>Porque os barcos GUMOTEX s\u00e3o feitos para durar. Muito mais do que apenas uma temporada.<br \/>\nS\u00e3o companheiros de confian\u00e7a para anos de explora\u00e7\u00e3o &#8211; e n\u00f3s apoiamo-los.<br \/>\nA partir de 30 de maio de 2025, todos os clientes finais podem obter a nossa garantia gratuita alargada de 5 anos.<br \/>\nTudo o que precisa de fazer \u00e9 registar o seu barco ap\u00f3s a compra.<br \/>\nA garantia \u00e9 v\u00e1lida em toda a Europa e emitida diretamente pela GUMOTEX &#8211; n\u00e3o existem distribuidores ou centros de atendimento an\u00f3nimos.<\/p>\n<p><a class=\"mt-3 button button-gmtx\" href=\"https:\/\/warranty.gumotexboats.com\/?lang=pt\">REGISTE O SEU BARCO<\/a><\/p>\n<h2 style=\"margin-top: 3rem;\">O que \u00e9 que a garantia cobre?<\/h2>\n<ul>\n<li>Defeitos de fabrico<\/li>\n<li>Defeitos de material, incluindo costuras, v\u00e1lvulas e constru\u00e7\u00e3o<\/li>\n<li>Utiliza\u00e7\u00e3o recreativa normal pelo cliente final<\/li>\n<\/ul>\n<h2>O que \u00e9 que n\u00e3o est\u00e1 coberto?<\/h2>\n<ul>\n<li>Danos mec\u00e2nicos (por exemplo, furos, rasg\u00f5es, abras\u00f5es)<\/li>\n<li>Utiliza\u00e7\u00e3o incorrecta ou inadequada (por exemplo, sobrecarga, sobreaquecimento, armazenamento inadequado)<\/li>\n<li>Modifica\u00e7\u00f5es ou repara\u00e7\u00f5es n\u00e3o autorizadas<\/li>\n<li>Danos causados por animais, produtos qu\u00edmicos ou condi\u00e7\u00f5es climat\u00e9ricas<\/li>\n<li>Utiliza\u00e7\u00e3o comercial (por exemplo, alugueres, empresas de rafting)<\/li>\n<\/ul>\n<p>\ud83d\udc49 A lista completa de exclus\u00f5es inclui:<\/p>\n<ul>\n<li>Danos devidos a neglig\u00eancia, manuten\u00e7\u00e3o insuficiente, acidentes, utiliza\u00e7\u00e3o anormal ou inadequada, tentativas incorrectas de montagem ou repara\u00e7\u00e3o, danos de transporte ou armazenamento<\/li>\n<li>Modifica\u00e7\u00f5es n\u00e3o autorizadas (desaconselhamos a afina\u00e7\u00e3o DIY que contradiga as nossas instru\u00e7\u00f5es oficiais no YouTube)<\/li>\n<li>Riscos, rasg\u00f5es, furos<\/li>\n<li>Desgaste normal<\/li>\n<li>Arrastar o barco em superf\u00edcies irregulares<\/li>\n<li>Exceder o peso m\u00e1ximo ou a capacidade do utilizador<\/li>\n<li>Danos extremos causados pelos raios UV devido \u00e0 falta de prote\u00e7\u00e3o (degrada\u00e7\u00e3o ou desbotamento do material)<\/li>\n<li>Danos provocados por insufla\u00e7\u00e3o excessiva ou exposi\u00e7\u00e3o ao calor (por exemplo, expans\u00e3o aquecida pelo sol)<\/li>\n<li>Vandalismo ou danos intencionais<\/li>\n<li>Danos devidos a for\u00e7a maior ou condi\u00e7\u00f5es climat\u00e9ricas adversas<\/li>\n<li>Limpeza incorrecta ou falta de manuten\u00e7\u00e3o<\/li>\n<li>Danos causados por animais ou plantas aqu\u00e1ticas\/marinhas<\/li>\n<li>Danos qu\u00edmicos ou causados por \u00e1gua de m\u00e1 qualidade<\/li>\n<\/ul>\n<p>A GUMOTEX n\u00e3o se responsabiliza por devolu\u00e7\u00f5es ao abrigo da garantia em pa\u00edses diferentes daquele onde o produto foi originalmente entregue.<\/p>\n<div class=\"blue_bg\">\n<h2>Como ativar a sua garantia<\/h2>\n<p>\u00c9 f\u00e1cil e demora apenas alguns minutos:<\/p>\n<ul>\n<li>Comprar um barco GUMOTEX num revendedor oficial ou online<\/li>\n<li>Registe-o no prazo de 30 dias<\/li>\n<li>Preencha um pequeno formul\u00e1rio &#8211; nome, tipo de barco, prova de compra<\/li>\n<li>Receber\u00e1 um e-mail de confirma\u00e7\u00e3o e a sua garantia de 5 anos estar\u00e1 ativa<\/li>\n<\/ul>\n<p><a class=\"mt-3 button button-gmtx\" href=\"https:\/\/warranty.gumotexboats.com\/?lang=pt\">REGISTE O SEU BARCO<\/a><\/p>\n<\/div>\n<h2>GUMOTEX \u2013 Marca Checa, Qualidade Global<\/h2>\n<ul>\n<li>Fabricado na Rep\u00fablica Checa &#8211; em B\u0159eclav, tudo sob o mesmo teto<\/li>\n<li>Material propriet\u00e1rio NITRILON\u00ae &#8211; resistente a perfura\u00e7\u00f5es, UV e sal<\/li>\n<li>Teste de qualidade em duas fases de cada barco<\/li>\n<li>Com a confian\u00e7a de milhares de utilizadores em todo o mundo<\/li>\n<\/ul>\n<p>Somos uma empresa checa de renome internacional. Concebemos, fabricamos e testamos sob o mesmo teto.<\/p>\n<p><strong>Sabemos que a sua confian\u00e7a n\u00e3o \u00e9 um dado adquirido e o nosso objetivo \u00e9 merec\u00ea-la.<\/strong><\/p>\n<\/div><\/div><\/div><\/div><\/div>\n","protected":false},"excerpt":{"rendered":"","protected":false},"author":13,"featured_media":0,"parent":0,"menu_order":0,"comment_status":"closed","ping_status":"closed","template":"","meta":{"_seopress_robots_primary_cat":"","_seopress_titles_title":"","_seopress_titles_desc":"","_seopress_robots_index":"","inline_featured_image":false,"footnotes":""},"class_list":["post-36923","page","type-page","status-publish","hentry"],"_links":{"self":[{"href":"https:\/\/gumotexboats.com\/eu\/wp-json\/wp\/v2\/pages\/36923","targetHints":{"allow":["GET"]}}],"collection":[{"href":"https:\/\/gumotexboats.com\/eu\/wp-json\/wp\/v2\/pages"}],"about":[{"href":"https:\/\/gumotexboats.com\/eu\/wp-json\/wp\/v2\/types\/page"}],"author":[{"embeddable":true,"href":"https:\/\/gumotexboats.com\/eu\/wp-json\/wp\/v2\/users\/13"}],"replies":[{"embeddable":true,"href":"https:\/\/gumotexboats.com\/eu\/wp-json\/wp\/v2\/comments?post=36923"}],"version-history":[{"count":7,"href":"https:\/\/gumotexboats.com\/eu\/wp-json\/wp\/v2\/pages\/36923\/revisions"}],"predecessor-version":[{"id":37031,"href":"https:\/\/gumotexboats.com\/eu\/wp-json\/wp\/v2\/pages\/36923\/revisions\/37031"}],"wp:attachment":[{"href":"https:\/\/gumotexboats.com\/eu\/wp-json\/wp\/v2\/media?parent=36923"}],"curies":[{"name":"wp","href":"https:\/\/api.w.org\/{rel}","templated":true}]}}