{"id":36914,"date":"2025-05-23T11:04:45","date_gmt":"2025-05-23T11:04:45","guid":{"rendered":"https:\/\/gumotexboats.com\/eu\/?page_id=36914"},"modified":"2025-06-27T09:38:53","modified_gmt":"2025-06-27T09:38:53","slug":"5-jaar-garantie","status":"publish","type":"page","link":"https:\/\/gumotexboats.com\/eu\/5-jaar-garantie\/","title":{"rendered":"5 jaar garantie"},"content":{"rendered":"<div class=\"fusion-fullwidth fullwidth-box fusion-builder-row-1 fusion-flex-container nonhundred-percent-fullwidth non-hundred-percent-height-scrolling\" style=\"--awb-border-radius-top-left:0px;--awb-border-radius-top-right:0px;--awb-border-radius-bottom-right:0px;--awb-border-radius-bottom-left:0px;--awb-flex-wrap:wrap;\" ><div class=\"fusion-builder-row fusion-row fusion-flex-align-items-flex-start fusion-flex-content-wrap\" style=\"max-width:1289.6px;margin-left: calc(-4% \/ 2 );margin-right: calc(-4% \/ 2 );\"><div class=\"fusion-layout-column fusion_builder_column fusion-builder-column-0 fusion_builder_column_1_1 1_1 fusion-flex-column\" style=\"--awb-bg-size:cover;--awb-width-large:100%;--awb-margin-top-large:0px;--awb-spacing-right-large:1.92%;--awb-margin-bottom-large:0px;--awb-spacing-left-large:1.92%;--awb-width-medium:100%;--awb-spacing-right-medium:1.92%;--awb-spacing-left-medium:1.92%;--awb-width-small:100%;--awb-spacing-right-small:1.92%;--awb-spacing-left-small:1.92%;\"><div class=\"fusion-column-wrapper fusion-flex-justify-content-flex-start fusion-content-layout-column\"><div class=\"fusion-text fusion-text-1\"><div style=\"display: flex; flex-wrap: wrap; justify-content: center; gap: 10px; text-align: center;\"><a style=\"text-decoration: none; display: inline-flex; align-items: center; gap: 8px;\" href=\"https:\/\/gumotexboats.com\/us\/5-year-warranty\/\"><br \/>\n<img decoding=\"async\" src=\"https:\/\/flagcdn.com\/us.svg\" alt=\"English\" width=\"24\" height=\"16\" \/> English<br \/>\n<\/a><br \/>\n<a style=\"text-decoration: none; display: inline-flex; align-items: center; gap: 8px;\" href=\"https:\/\/gumotexcluny.cz\/gumotex-5leta-zaruka\"><br \/>\n<img decoding=\"async\" src=\"https:\/\/flagcdn.com\/cz.svg\" alt=\"\u010ce\u0161tina\" width=\"24\" height=\"16\" \/> \u010ce\u0161tina<br \/>\n<\/a><br \/>\n<a style=\"text-decoration: none; display: inline-flex; align-items: center; gap: 8px;\" href=\"https:\/\/gumotexboats.com\/eu\/5-jahre-garantie-ohne-ausreden\/\"><br \/>\n<img decoding=\"async\" src=\"https:\/\/flagcdn.com\/de.svg\" alt=\"Deutsch\" width=\"24\" height=\"16\" \/> Deutsch<br \/>\n<\/a><br \/>\n<a style=\"text-decoration: none; display: inline-flex; align-items: center; gap: 8px;\" href=\"https:\/\/gumotexboats.com\/eu\/garantie-5-ans\/\"><br \/>\n<img decoding=\"async\" src=\"https:\/\/flagcdn.com\/fr.svg\" alt=\"Fran\u00e7ais\" width=\"24\" height=\"16\" \/> Fran\u00e7ais<br \/>\n<\/a><br \/>\n<a style=\"text-decoration: none; display: inline-flex; align-items: center; gap: 8px;\" href=\"https:\/\/gumotexboats.com\/eu\/5-anos-de-garantia\/\"><br \/>\n<img decoding=\"async\" src=\"https:\/\/flagcdn.com\/es.svg\" alt=\"Espa\u00f1ol\" width=\"24\" height=\"16\" \/> Espa\u00f1ol<br \/>\n<\/a><br \/>\n<a style=\"text-decoration: none; display: inline-flex; align-items: center; gap: 8px;\" href=\"https:\/\/gumotexboats.com\/eu\/5-ev-garancia\/\"><br \/>\n<img decoding=\"async\" src=\"https:\/\/flagcdn.com\/hu.svg\" alt=\"Magyar\" width=\"24\" height=\"16\" \/> Magyar<br \/>\n<\/a><br \/>\n<a style=\"text-decoration: none; display: inline-flex; align-items: center; gap: 8px;\" href=\"https:\/\/gumotexboats.com\/eu\/garantie-de-5-ani\/\"><br \/>\n<img decoding=\"async\" src=\"https:\/\/flagcdn.com\/ro.svg\" alt=\"Rom\u00e2n\u0103\" width=\"24\" height=\"16\" \/> Rom\u00e2n\u0103<br \/>\n<\/a><br \/>\n<a style=\"text-decoration: none; display: inline-flex; align-items: center; gap: 8px;\" href=\"https:\/\/gumotexboats.com\/eu\/5-anos-de-garantia-2\/\"><br \/>\n<img decoding=\"async\" src=\"https:\/\/flagcdn.com\/pt.svg\" alt=\"Portugu\u00eas\" width=\"24\" height=\"16\" \/> Portugu\u00eas<br \/>\n<\/a><br \/>\n<a style=\"text-decoration: none; display: inline-flex; align-items: center; gap: 8px;\" href=\"https:\/\/gumotexcluny.cz\/5-rocna-zaruka\/\"><br \/>\n<img decoding=\"async\" src=\"https:\/\/flagcdn.com\/sk.svg\" alt=\"Sloven\u010dina\" width=\"24\" height=\"16\" \/> Sloven\u010dina<br \/>\n<\/a><br \/>\n<a style=\"text-decoration: none; display: inline-flex; align-items: center; gap: 8px;\" href=\"https:\/\/gumotexboats.com\/eu\/5-godisnje-jamstvo\/\"><br \/>\n<img decoding=\"async\" src=\"https:\/\/flagcdn.com\/hr.svg\" alt=\"Hrvatski\" width=\"24\" height=\"16\" \/> Hrvatski<br \/>\n<\/a><br \/>\n<a style=\"text-decoration: none; display: inline-flex; align-items: center; gap: 8px;\" href=\"https:\/\/gumotexboats.com\/eu\/5-letna-garancija\/\"><br \/>\n<img decoding=\"async\" src=\"https:\/\/flagcdn.com\/si.svg\" alt=\"Sloven\u0161\u010dina\" width=\"24\" height=\"16\" \/> Sloven\u0161\u010dina<br \/>\n<\/a><br \/>\n<a style=\"text-decoration: none; display: inline-flex; align-items: center; gap: 8px;\" href=\"https:\/\/gumotexboats.com\/eu\/garanzia-di-5-anni\/\"><br \/>\n<img decoding=\"async\" src=\"https:\/\/flagcdn.com\/it.svg\" alt=\"Italiano\" width=\"24\" height=\"16\" \/> Italiano<br \/>\n<\/a><br \/>\n<a style=\"text-decoration: none; display: inline-flex; align-items: center; gap: 8px;\" href=\"https:\/\/gumotexboats.com\/eu\/5-jaar-garantie\/\"><br \/>\n<img decoding=\"async\" src=\"https:\/\/flagcdn.com\/nl.svg\" alt=\"Nederlands\" width=\"24\" height=\"16\" \/> Nederlands<br \/>\n<\/a><br \/>\n<a style=\"text-decoration: none; display: inline-flex; align-items: center; gap: 8px;\" href=\"https:\/\/gumotexboats.com\/eu\/5-letnia-gwarancja\/\"><br \/>\n<img decoding=\"async\" src=\"https:\/\/flagcdn.com\/pl.svg\" alt=\"Polski\" width=\"24\" height=\"16\" \/> Polski<br \/>\n<\/a><\/div>\n<p><a href=\"https:\/\/warranty.gumotexboats.com\/?lang=nl\"><img decoding=\"async\" class=\"alignnone wp-image-36879 size-full\" src=\"https:\/\/gumotexboats.com\/eu\/wp-content\/uploads\/sites\/3\/2025\/05\/5-let-zaruka-CANOE-1920x779-NL.jpg\" alt=\"\" width=\"1920\" height=\"779\" srcset=\"https:\/\/gumotexboats.com\/eu\/wp-content\/uploads\/sites\/3\/2025\/05\/5-let-zaruka-CANOE-1920x779-NL-200x81.jpg 200w, https:\/\/gumotexboats.com\/eu\/wp-content\/uploads\/sites\/3\/2025\/05\/5-let-zaruka-CANOE-1920x779-NL-300x122.jpg 300w, https:\/\/gumotexboats.com\/eu\/wp-content\/uploads\/sites\/3\/2025\/05\/5-let-zaruka-CANOE-1920x779-NL-400x162.jpg 400w, https:\/\/gumotexboats.com\/eu\/wp-content\/uploads\/sites\/3\/2025\/05\/5-let-zaruka-CANOE-1920x779-NL-500x203.jpg 500w, https:\/\/gumotexboats.com\/eu\/wp-content\/uploads\/sites\/3\/2025\/05\/5-let-zaruka-CANOE-1920x779-NL-600x243.jpg 600w, https:\/\/gumotexboats.com\/eu\/wp-content\/uploads\/sites\/3\/2025\/05\/5-let-zaruka-CANOE-1920x779-NL-669x272.jpg 669w, https:\/\/gumotexboats.com\/eu\/wp-content\/uploads\/sites\/3\/2025\/05\/5-let-zaruka-CANOE-1920x779-NL-700x284.jpg 700w, https:\/\/gumotexboats.com\/eu\/wp-content\/uploads\/sites\/3\/2025\/05\/5-let-zaruka-CANOE-1920x779-NL-768x312.jpg 768w, https:\/\/gumotexboats.com\/eu\/wp-content\/uploads\/sites\/3\/2025\/05\/5-let-zaruka-CANOE-1920x779-NL-800x325.jpg 800w, https:\/\/gumotexboats.com\/eu\/wp-content\/uploads\/sites\/3\/2025\/05\/5-let-zaruka-CANOE-1920x779-NL-1024x415.jpg 1024w, https:\/\/gumotexboats.com\/eu\/wp-content\/uploads\/sites\/3\/2025\/05\/5-let-zaruka-CANOE-1920x779-NL-1200x487.jpg 1200w, https:\/\/gumotexboats.com\/eu\/wp-content\/uploads\/sites\/3\/2025\/05\/5-let-zaruka-CANOE-1920x779-NL-1536x623.jpg 1536w, https:\/\/gumotexboats.com\/eu\/wp-content\/uploads\/sites\/3\/2025\/05\/5-let-zaruka-CANOE-1920x779-NL.jpg 1920w\" sizes=\"(max-width: 1920px) 100vw, 1920px\" \/><\/a><\/p>\n<p>Het water op gaan moet gaan over vrijheid, avontuur en weten dat je op jezelf en je uitrusting kunt rekenen.<\/p>\n<p>Daarom bieden we 5 jaar garantie op onze GUMOTEX boten. Het is niet zomaar een regel in kleine lettertjes. We beloven dat we u voor de lange termijn zullen steunen.<\/p>\n<h2>Wat krijgt u ervoor terug?<\/h2>\n<ul>\n<li><strong>5 jaar gemoedsrust<\/strong> &#8211; als er iets misgaat door een fabricagefout, zorgen wij ervoor.<\/li>\n<li><strong>Directe ondersteuning van de fabrikant<\/strong> &#8211; geen tussenpersonen, geen excuses.<\/li>\n<li><strong>Vertrouwen voor de lange termijn<\/strong> &#8211; niet alleen voor \u00e9\u00e9n of twee seizoenen.<\/li>\n<li><strong>Investeringsbescherming<\/strong> &#8211; voor een boot die duizenden waard is, is het gewoon logisch.<\/li>\n<li><strong>Eenvoudig registratieproces<\/strong> &#8211; duurt slechts een paar minuten.<\/li>\n<li>Meer tijd om van het water te genieten betekent minder tijd om problemen op te lossen.<\/li>\n<\/ul>\n<h2>Waarom 5 jaar?<\/h2>\n<p>GUMOTEX-boten zijn gebouwd om lang mee te gaan. Veel langer dan slechts \u00e9\u00e9n seizoen.<br \/>\nHet zijn vertrouwde metgezellen voor jaren van verkenning &#8211; en wij staan achter ze.<br \/>\nVanaf 30 mei 2025 kan elke eindklant onze uitgebreide gratis garantie van 5 jaar krijgen.<br \/>\nHet enige wat je hoeft te doen is je boot na aankoop te registreren.<br \/>\nDe garantie is geldig in heel Europa en wordt rechtstreeks door GUMOTEX verstrekt &#8211; er bestaan geen distributeurs of anonieme callcenters.<\/p>\n<p><a class=\"mt-3 button button-gmtx\" href=\"https:\/\/warranty.gumotexboats.com\/?lang=nl\">REGISTREER UW BOOT<\/a><\/p>\n<h2 style=\"margin-top: 3rem;\">Wat dekt de garantie?<\/h2>\n<ul>\n<li>Fabricagefouten<\/li>\n<li>Materiaaldefecten, inclusief naden, kleppen en constructie<\/li>\n<li>Normaal recreatief gebruik door de eindgebruiker<\/li>\n<\/ul>\n<h2>Wat wordt niet gedekt?<\/h2>\n<ul>\n<li>Mechanische schade (bijv. perforaties, scheuren, schuren)<\/li>\n<li>Verkeerd of oneigenlijk gebruik (bijv. overbelasting, oververhitting, slechte opslag)<\/li>\n<li>Ongeoorloofde wijzigingen of reparaties<\/li>\n<li>Schade veroorzaakt door dieren, chemicali\u00ebn of weersomstandigheden<\/li>\n<li>Commercieel gebruik (bijv. verhuur, raftingbedrijven)<\/li>\n<\/ul>\n<p>\ud83d\udc49 De volledige lijst van uitsluitingen omvat:<\/p>\n<ul>\n<li>Schade als gevolg van nalatigheid, onvoldoende onderhoud, ongelukken, abnormaal of onjuist gebruik, onjuiste montage- of reparatiepogingen, transport- of opslagschade<\/li>\n<li>Ongeoorloofde wijzigingen (we ontmoedigen doe-het-zelf tuning die in strijd is met onze offici\u00eble YouTube-instructies)<\/li>\n<li>Krassen, scheuren, lekke banden<\/li>\n<li>Normale slijtage<\/li>\n<li>Slepen van de boot op ruwe oppervlakken<\/li>\n<li>Overschrijding van het maximale gewicht of gebruikerscapaciteit<\/li>\n<li>Extreme UV-schade door gebrek aan bescherming (materiaaldefect of verbleken)<\/li>\n<li>Schade door overopblazen of blootstelling aan hitte (bv. uitzetten door de zon)<\/li>\n<li>Vandalisme of opzettelijke schade<\/li>\n<li>Schade door overmacht of noodweer<\/li>\n<li>Onjuiste reiniging of gebrek aan onderhoud<\/li>\n<li>Schade veroorzaakt door dieren of water-\/mariene planten<\/li>\n<li>Schade door chemicali\u00ebn of water van slechte kwaliteit<\/li>\n<\/ul>\n<p>GUMOTEX is niet verantwoordelijk voor garantieretourneren naar andere landen dan waar het product oorspronkelijk is geleverd.<\/p>\n<div class=\"blue_bg\">\n<h2>Hoe activeert u uw garantie<\/h2>\n<p>Het is eenvoudig en duurt slechts een paar minuten:<\/p>\n<ul>\n<li>Koop een GUMOTEX boot bij een offici\u00eble dealer of online<\/li>\n<li>Registreer hem binnen 30 dagen<\/li>\n<li>Vul een kort formulier in &#8211; naam, boottype, aankoopbewijs<\/li>\n<li>U ontvangt een bevestigingsmail en uw garantie van 5 jaar is actief.<\/li>\n<\/ul>\n<p><a class=\"mt-3 button button-gmtx\" href=\"https:\/\/warranty.gumotexboats.com\/?lang=nl\">REGISTREER UW BOOT<\/a><\/p>\n<\/div>\n<h2>GUMOTEX \u2013 Tsjechisch merk, wereldwijde kwaliteit<\/h2>\n<ul>\n<li>Gemaakt in Tsjechi\u00eb &#8211; in B\u0159eclav, alles onder \u00e9\u00e9n dak<\/li>\n<li>Eigen NITRILON\u00ae materiaal &#8211; bestand tegen perforaties, UV en zout<\/li>\n<li>Kwaliteitstests in twee fasen voor elke boot<\/li>\n<li>Vertrouwd door duizenden gebruikers over de hele wereld<\/li>\n<\/ul>\n<p>Wij zijn een Tsjechisch bedrijf met internationale faam. We ontwerpen, produceren en testen onder \u00e9\u00e9n dak.<\/p>\n<h4>Wij zijn een Tsjechisch bedrijf met internationale faam. We ontwerpen, produceren en testen onder \u00e9\u00e9n dak.<\/h4>\n<\/div><\/div><\/div><\/div><\/div>\n","protected":false},"excerpt":{"rendered":"","protected":false},"author":13,"featured_media":0,"parent":0,"menu_order":0,"comment_status":"closed","ping_status":"closed","template":"","meta":{"_seopress_robots_primary_cat":"","_seopress_titles_title":"","_seopress_titles_desc":"","_seopress_robots_index":"","inline_featured_image":false,"footnotes":""},"class_list":["post-36914","page","type-page","status-publish","hentry"],"_links":{"self":[{"href":"https:\/\/gumotexboats.com\/eu\/wp-json\/wp\/v2\/pages\/36914","targetHints":{"allow":["GET"]}}],"collection":[{"href":"https:\/\/gumotexboats.com\/eu\/wp-json\/wp\/v2\/pages"}],"about":[{"href":"https:\/\/gumotexboats.com\/eu\/wp-json\/wp\/v2\/types\/page"}],"author":[{"embeddable":true,"href":"https:\/\/gumotexboats.com\/eu\/wp-json\/wp\/v2\/users\/13"}],"replies":[{"embeddable":true,"href":"https:\/\/gumotexboats.com\/eu\/wp-json\/wp\/v2\/comments?post=36914"}],"version-history":[{"count":7,"href":"https:\/\/gumotexboats.com\/eu\/wp-json\/wp\/v2\/pages\/36914\/revisions"}],"predecessor-version":[{"id":37035,"href":"https:\/\/gumotexboats.com\/eu\/wp-json\/wp\/v2\/pages\/36914\/revisions\/37035"}],"wp:attachment":[{"href":"https:\/\/gumotexboats.com\/eu\/wp-json\/wp\/v2\/media?parent=36914"}],"curies":[{"name":"wp","href":"https:\/\/api.w.org\/{rel}","templated":true}]}}