{"id":36910,"date":"2025-05-23T10:56:25","date_gmt":"2025-05-23T10:56:25","guid":{"rendered":"https:\/\/gumotexboats.com\/eu\/?page_id=36910"},"modified":"2025-06-27T09:26:25","modified_gmt":"2025-06-27T09:26:25","slug":"garantie-de-5-ani","status":"publish","type":"page","link":"https:\/\/gumotexboats.com\/eu\/garantie-de-5-ani\/","title":{"rendered":"Garan\u021bie de 5 ani"},"content":{"rendered":"<div class=\"fusion-fullwidth fullwidth-box fusion-builder-row-1 fusion-flex-container nonhundred-percent-fullwidth non-hundred-percent-height-scrolling\" style=\"--awb-border-radius-top-left:0px;--awb-border-radius-top-right:0px;--awb-border-radius-bottom-right:0px;--awb-border-radius-bottom-left:0px;--awb-flex-wrap:wrap;\" ><div class=\"fusion-builder-row fusion-row fusion-flex-align-items-flex-start fusion-flex-content-wrap\" style=\"max-width:1289.6px;margin-left: calc(-4% \/ 2 );margin-right: calc(-4% \/ 2 );\"><div class=\"fusion-layout-column fusion_builder_column fusion-builder-column-0 fusion_builder_column_1_1 1_1 fusion-flex-column\" style=\"--awb-bg-size:cover;--awb-width-large:100%;--awb-margin-top-large:0px;--awb-spacing-right-large:1.92%;--awb-margin-bottom-large:0px;--awb-spacing-left-large:1.92%;--awb-width-medium:100%;--awb-spacing-right-medium:1.92%;--awb-spacing-left-medium:1.92%;--awb-width-small:100%;--awb-spacing-right-small:1.92%;--awb-spacing-left-small:1.92%;\"><div class=\"fusion-column-wrapper fusion-flex-justify-content-flex-start fusion-content-layout-column\"><div class=\"fusion-text fusion-text-1\"><div style=\"display: flex; flex-wrap: wrap; justify-content: center; gap: 10px; text-align: center;\"><a style=\"text-decoration: none; display: inline-flex; align-items: center; gap: 8px;\" href=\"https:\/\/gumotexboats.com\/us\/5-year-warranty\/\"><br \/>\n<img decoding=\"async\" src=\"https:\/\/flagcdn.com\/us.svg\" alt=\"English\" width=\"24\" height=\"16\" \/> English<br \/>\n<\/a><br \/>\n<a style=\"text-decoration: none; display: inline-flex; align-items: center; gap: 8px;\" href=\"https:\/\/gumotexcluny.cz\/gumotex-5leta-zaruka\"><br \/>\n<img decoding=\"async\" src=\"https:\/\/flagcdn.com\/cz.svg\" alt=\"\u010ce\u0161tina\" width=\"24\" height=\"16\" \/> \u010ce\u0161tina<br \/>\n<\/a><br \/>\n<a style=\"text-decoration: none; display: inline-flex; align-items: center; gap: 8px;\" href=\"https:\/\/gumotexboats.com\/eu\/5-jahre-garantie-ohne-ausreden\/\"><br \/>\n<img decoding=\"async\" src=\"https:\/\/flagcdn.com\/de.svg\" alt=\"Deutsch\" width=\"24\" height=\"16\" \/> Deutsch<br \/>\n<\/a><br \/>\n<a style=\"text-decoration: none; display: inline-flex; align-items: center; gap: 8px;\" href=\"https:\/\/gumotexboats.com\/eu\/garantie-5-ans\/\"><br \/>\n<img decoding=\"async\" src=\"https:\/\/flagcdn.com\/fr.svg\" alt=\"Fran\u00e7ais\" width=\"24\" height=\"16\" \/> Fran\u00e7ais<br \/>\n<\/a><br \/>\n<a style=\"text-decoration: none; display: inline-flex; align-items: center; gap: 8px;\" href=\"https:\/\/gumotexboats.com\/eu\/5-anos-de-garantia\/\"><br \/>\n<img decoding=\"async\" src=\"https:\/\/flagcdn.com\/es.svg\" alt=\"Espa\u00f1ol\" width=\"24\" height=\"16\" \/> Espa\u00f1ol<br \/>\n<\/a><br \/>\n<a style=\"text-decoration: none; display: inline-flex; align-items: center; gap: 8px;\" href=\"https:\/\/gumotexboats.com\/eu\/5-ev-garancia\/\"><br \/>\n<img decoding=\"async\" src=\"https:\/\/flagcdn.com\/hu.svg\" alt=\"Magyar\" width=\"24\" height=\"16\" \/> Magyar<br \/>\n<\/a><br \/>\n<a style=\"text-decoration: none; display: inline-flex; align-items: center; gap: 8px;\" href=\"https:\/\/gumotexboats.com\/eu\/garantie-de-5-ani\/\"><br \/>\n<img decoding=\"async\" src=\"https:\/\/flagcdn.com\/ro.svg\" alt=\"Rom\u00e2n\u0103\" width=\"24\" height=\"16\" \/> Rom\u00e2n\u0103<br \/>\n<\/a><br \/>\n<a style=\"text-decoration: none; display: inline-flex; align-items: center; gap: 8px;\" href=\"https:\/\/gumotexboats.com\/eu\/5-anos-de-garantia-2\/\"><br \/>\n<img decoding=\"async\" src=\"https:\/\/flagcdn.com\/pt.svg\" alt=\"Portugu\u00eas\" width=\"24\" height=\"16\" \/> Portugu\u00eas<br \/>\n<\/a><br \/>\n<a style=\"text-decoration: none; display: inline-flex; align-items: center; gap: 8px;\" href=\"https:\/\/gumotexcluny.cz\/5-rocna-zaruka\/\"><br \/>\n<img decoding=\"async\" src=\"https:\/\/flagcdn.com\/sk.svg\" alt=\"Sloven\u010dina\" width=\"24\" height=\"16\" \/> Sloven\u010dina<br \/>\n<\/a><br \/>\n<a style=\"text-decoration: none; display: inline-flex; align-items: center; gap: 8px;\" href=\"https:\/\/gumotexboats.com\/eu\/5-godisnje-jamstvo\/\"><br \/>\n<img decoding=\"async\" src=\"https:\/\/flagcdn.com\/hr.svg\" alt=\"Hrvatski\" width=\"24\" height=\"16\" \/> Hrvatski<br \/>\n<\/a><br \/>\n<a style=\"text-decoration: none; display: inline-flex; align-items: center; gap: 8px;\" href=\"https:\/\/gumotexboats.com\/eu\/5-letna-garancija\/\"><br \/>\n<img decoding=\"async\" src=\"https:\/\/flagcdn.com\/si.svg\" alt=\"Sloven\u0161\u010dina\" width=\"24\" height=\"16\" \/> Sloven\u0161\u010dina<br \/>\n<\/a><br \/>\n<a style=\"text-decoration: none; display: inline-flex; align-items: center; gap: 8px;\" href=\"https:\/\/gumotexboats.com\/eu\/garanzia-di-5-anni\/\"><br \/>\n<img decoding=\"async\" src=\"https:\/\/flagcdn.com\/it.svg\" alt=\"Italiano\" width=\"24\" height=\"16\" \/> Italiano<br \/>\n<\/a><br \/>\n<a style=\"text-decoration: none; display: inline-flex; align-items: center; gap: 8px;\" href=\"https:\/\/gumotexboats.com\/eu\/5-jaar-garantie\/\"><br \/>\n<img decoding=\"async\" src=\"https:\/\/flagcdn.com\/nl.svg\" alt=\"Nederlands\" width=\"24\" height=\"16\" \/> Nederlands<br \/>\n<\/a><br \/>\n<a style=\"text-decoration: none; display: inline-flex; align-items: center; gap: 8px;\" href=\"https:\/\/gumotexboats.com\/eu\/5-letnia-gwarancja\/\"><br \/>\n<img decoding=\"async\" src=\"https:\/\/flagcdn.com\/pl.svg\" alt=\"Polski\" width=\"24\" height=\"16\" \/> Polski<br \/>\n<\/a><\/div>\n<p><a href=\"https:\/\/warranty.gumotexboats.com\/?lang=ro\"><img decoding=\"async\" class=\"alignnone wp-image-36876 size-full\" src=\"https:\/\/gumotexboats.com\/eu\/wp-content\/uploads\/sites\/3\/2025\/05\/5-let-zaruka-CANOE-1920x779-RO.jpg\" alt=\"\" width=\"1920\" height=\"779\" srcset=\"https:\/\/gumotexboats.com\/eu\/wp-content\/uploads\/sites\/3\/2025\/05\/5-let-zaruka-CANOE-1920x779-RO-200x81.jpg 200w, https:\/\/gumotexboats.com\/eu\/wp-content\/uploads\/sites\/3\/2025\/05\/5-let-zaruka-CANOE-1920x779-RO-300x122.jpg 300w, https:\/\/gumotexboats.com\/eu\/wp-content\/uploads\/sites\/3\/2025\/05\/5-let-zaruka-CANOE-1920x779-RO-400x162.jpg 400w, https:\/\/gumotexboats.com\/eu\/wp-content\/uploads\/sites\/3\/2025\/05\/5-let-zaruka-CANOE-1920x779-RO-500x203.jpg 500w, https:\/\/gumotexboats.com\/eu\/wp-content\/uploads\/sites\/3\/2025\/05\/5-let-zaruka-CANOE-1920x779-RO-600x243.jpg 600w, https:\/\/gumotexboats.com\/eu\/wp-content\/uploads\/sites\/3\/2025\/05\/5-let-zaruka-CANOE-1920x779-RO-669x272.jpg 669w, https:\/\/gumotexboats.com\/eu\/wp-content\/uploads\/sites\/3\/2025\/05\/5-let-zaruka-CANOE-1920x779-RO-700x284.jpg 700w, https:\/\/gumotexboats.com\/eu\/wp-content\/uploads\/sites\/3\/2025\/05\/5-let-zaruka-CANOE-1920x779-RO-768x312.jpg 768w, https:\/\/gumotexboats.com\/eu\/wp-content\/uploads\/sites\/3\/2025\/05\/5-let-zaruka-CANOE-1920x779-RO-800x325.jpg 800w, https:\/\/gumotexboats.com\/eu\/wp-content\/uploads\/sites\/3\/2025\/05\/5-let-zaruka-CANOE-1920x779-RO-1024x415.jpg 1024w, https:\/\/gumotexboats.com\/eu\/wp-content\/uploads\/sites\/3\/2025\/05\/5-let-zaruka-CANOE-1920x779-RO-1200x487.jpg 1200w, https:\/\/gumotexboats.com\/eu\/wp-content\/uploads\/sites\/3\/2025\/05\/5-let-zaruka-CANOE-1920x779-RO-1536x623.jpg 1536w, https:\/\/gumotexboats.com\/eu\/wp-content\/uploads\/sites\/3\/2025\/05\/5-let-zaruka-CANOE-1920x779-RO.jpg 1920w\" sizes=\"(max-width: 1920px) 100vw, 1920px\" \/><\/a><\/p>\n<p>Ie\u0219irea pe ap\u0103 ar trebui s\u0103 \u00eensemne libertate, aventur\u0103 \u0219i s\u0103 \u0219tii c\u0103 te po\u021bi baza pe tine \u0219i pe echipamentul t\u0103u.<br \/>\nAcesta este motivul pentru care oferim o garan\u021bie de 5 ani pentru b\u0103rcile noastre GUMOTEX. Nu este doar o linie \u00een litere mici. Promitem s\u0103 v\u0103 sus\u021binem pe termen lung.<\/p>\n<h2>Ce ob\u021bine\u021bi \u00een urma acestei garan\u021bii?<\/h2>\n<ul>\n<li><strong>5 ani de lini\u0219te sufleteasc\u0103<\/strong> &#8211; dac\u0103 ceva nu merge bine din cauza unui defect de fabrica\u021bie, vom avea noi grij\u0103 de asta.<\/li>\n<li><strong>Asisten\u021b\u0103 direct\u0103 din partea produc\u0103torului <\/strong>&#8211; f\u0103r\u0103 intermediari, f\u0103r\u0103 scuze.<\/li>\n<li><strong>\u00cencredere pe termen lung<\/strong> &#8211; nu doar pentru unul sau dou\u0103 sezoane.<\/li>\n<li><strong>Protec\u021bia investi\u021biei<\/strong> &#8211; pentru o barc\u0103 care valoreaz\u0103 mii de euro, are sens.<\/li>\n<li><strong>Proces simplu de \u00eenregistrare<\/strong> &#8211; dureaz\u0103 doar c\u00e2teva minute.<\/li>\n<li>Mai mult timp pentru a v\u0103 bucura de ap\u0103 \u00eenseamn\u0103 mai pu\u021bin timp pentru a v\u0103 ocupa de probleme.<\/li>\n<\/ul>\n<h2>De ce 5 ani?<\/h2>\n<p>Pentru c\u0103 b\u0103rcile GUMOTEX sunt construite s\u0103 reziste. Mult mai mult dec\u00e2t un singur sezon.<br \/>\nSunt companioni de \u00eencredere pentru ani de explorare &#8211; \u0219i noi le sus\u021binem.<br \/>\n\u00cencep\u00e2nd cu 30 mai 2025, fiecare client final poate ob\u021bine garan\u021bia noastr\u0103 extins\u0103 gratuit\u0103 de 5 ani.<br \/>\nTot ce trebuie s\u0103 face\u021bi este s\u0103 v\u0103 \u00eenregistra\u021bi barca dup\u0103 cump\u0103rare.<br \/>\nGaran\u021bia este valabil\u0103 \u00een toat\u0103 Europa \u0219i este emis\u0103 direct de GUMOTEX &#8211; nu exist\u0103 distribuitori sau centre de apel anonime.<\/p>\n<p><a class=\"mt-3 button button-gmtx\" href=\"https:\/\/warranty.gumotexboats.com\/?lang=ro\">\u00ceNREGISTRA\u021aI-V\u0102 AMBARCA\u021aIUNEA<\/a><\/p>\n<h2 style=\"margin-top: 3rem;\">Ce acoper\u0103 garan\u021bia?<\/h2>\n<ul>\n<li>Defecte de fabrica\u021bie<\/li>\n<li>Defecte de material, inclusiv cus\u0103turi, supape \u0219i construc\u021bie<\/li>\n<li>Utilizarea recreativ\u0103 normal\u0103 de c\u0103tre clientul final<\/li>\n<\/ul>\n<h2>Ce nu este acoperit?<\/h2>\n<ul>\n<li>Daune mecanice (de exemplu, \u00een\u021bep\u0103turi, rupturi, abraziuni)<\/li>\n<li>Utilizarea incorect\u0103 sau necorespunz\u0103toare (de exemplu, supra\u00eenc\u0103rcare, supra\u00eenc\u0103lzire, depozitare necorespunz\u0103toare)<\/li>\n<li>Modific\u0103ri sau repara\u021bii neautorizate<\/li>\n<li>Deterior\u0103ri cauzate de animale, substan\u021be chimice sau condi\u021bii meteorologice<\/li>\n<li>Utilizarea comercial\u0103 (de exemplu, \u00eenchirieri, companii de rafting)<\/li>\n<\/ul>\n<p>\ud83d\udc49 Lista complet\u0103 de excluderi include:<\/p>\n<ul>\n<li>Deterior\u0103ri cauzate de neglijen\u021b\u0103, \u00eentre\u021binere insuficient\u0103, accidente, utilizare anormal\u0103 sau necorespunz\u0103toare, \u00eencerc\u0103ri incorecte de asamblare sau repara\u021bii, deterior\u0103ri cauzate de transport sau depozitare<\/li>\n<li>Modific\u0103ri neautorizate (descuraj\u0103m tuningul DIY care contrazice instruc\u021biunile noastre oficiale de pe YouTube)<\/li>\n<li>Zg\u00e2rieturi, rupturi, \u00een\u021bep\u0103turi<\/li>\n<li>Uzur\u0103 \u0219i rupere normal\u0103<\/li>\n<li>Tragerea b\u0103rcii pe suprafe\u021be accidentate<\/li>\n<li>Dep\u0103\u0219irea greut\u0103\u021bii maxime sau a capacit\u0103\u021bii utilizatorului<\/li>\n<li>Daune UV extreme datorate lipsei de protec\u021bie (deteriorarea sau decolorarea materialului)<\/li>\n<li>Deterior\u0103ri cauzate de suprainfla\u021bie sau expunere la c\u0103ldur\u0103 (de exemplu, expansiune \u00eenc\u0103lzit\u0103 de soare)<\/li>\n<li>Vandalism sau deteriorare inten\u021bionat\u0103<\/li>\n<li>Daune datorate for\u021bei majore sau condi\u021biilor meteorologice severe<\/li>\n<li>Cur\u0103\u021barea necorespunz\u0103toare sau lipsa de \u00eentre\u021binere<\/li>\n<li>Deterior\u0103ri cauzate de animale sau de plante acvatice\/marine<\/li>\n<li>Deterior\u0103ri cauzate de substan\u021be chimice sau ap\u0103 de proast\u0103 calitate<\/li>\n<\/ul>\n<p>GUMOTEX nu este responsabil\u0103 pentru return\u0103rile \u00een garan\u021bie \u00een alte \u021b\u0103ri dec\u00e2t cea \u00een care produsul a fost livrat ini\u021bial.<\/p>\n<div class=\"blue_bg\">\n<h2>Cum s\u0103 v\u0103 activa\u021bi garan\u021bia<\/h2>\n<p>Este u\u0219or \u0219i dureaz\u0103 doar c\u00e2teva minute:<\/p>\n<ul>\n<li>Cump\u0103ra\u021bi o barc\u0103 GUMOTEX de la un dealer oficial sau online<\/li>\n<li>\u00cenregistra\u021bi-o \u00een termen de 30 de zile<\/li>\n<li>Completa\u021bi un formular scurt &#8211; nume, tip de barc\u0103, dovada achizi\u021biei<\/li>\n<li>Ve\u021bi primi un e-mail de confirmare, iar garan\u021bia dvs. de 5 ani este activ\u0103<\/li>\n<\/ul>\n<p><a class=\"mt-3 button button-gmtx\" href=\"https:\/\/warranty.gumotexboats.com\/?lang=ro\">\u00ceNREGISTRA\u021aI-V\u0102 AMBARCA\u021aIUNEA<\/a><\/p>\n<\/div>\n<h2>GUMOTEX \u2013 Brand ceh, calitate global\u0103<\/h2>\n<ul>\n<li>Fabricat \u00een Republica Ceh\u0103 &#8211; \u00een B\u0159eclav, toate sub acela\u0219i acoperi\u0219<\/li>\n<li>Material proprietar NITRILON\u00ae &#8211; rezistent la \u00een\u021bep\u0103turi, UV \u0219i sare<\/li>\n<li>Testarea calit\u0103\u021bii \u00een dou\u0103 etape a fiec\u0103rei b\u0103rci<\/li>\n<li>\u00cencredere acordat\u0103 de mii de utilizatori din \u00eentreaga lume<\/li>\n<\/ul>\n<p>Suntem o companie ceh\u0103 cu renume interna\u021bional. Noi proiect\u0103m, fabric\u0103m \u0219i test\u0103m sub acela\u0219i acoperi\u0219.<\/p>\n<p><strong>\u0218tim c\u0103 \u00eencrederea dvs. nu este un dat \u0219i ne propunem s\u0103 o c\u00e2\u0219tig\u0103m.<\/strong><\/p>\n<\/div><\/div><\/div><\/div><\/div>\n","protected":false},"excerpt":{"rendered":"","protected":false},"author":13,"featured_media":0,"parent":0,"menu_order":0,"comment_status":"closed","ping_status":"closed","template":"","meta":{"_seopress_robots_primary_cat":"","_seopress_titles_title":"","_seopress_titles_desc":"","_seopress_robots_index":"","inline_featured_image":false,"footnotes":""},"class_list":["post-36910","page","type-page","status-publish","hentry"],"_links":{"self":[{"href":"https:\/\/gumotexboats.com\/eu\/wp-json\/wp\/v2\/pages\/36910","targetHints":{"allow":["GET"]}}],"collection":[{"href":"https:\/\/gumotexboats.com\/eu\/wp-json\/wp\/v2\/pages"}],"about":[{"href":"https:\/\/gumotexboats.com\/eu\/wp-json\/wp\/v2\/types\/page"}],"author":[{"embeddable":true,"href":"https:\/\/gumotexboats.com\/eu\/wp-json\/wp\/v2\/users\/13"}],"replies":[{"embeddable":true,"href":"https:\/\/gumotexboats.com\/eu\/wp-json\/wp\/v2\/comments?post=36910"}],"version-history":[{"count":6,"href":"https:\/\/gumotexboats.com\/eu\/wp-json\/wp\/v2\/pages\/36910\/revisions"}],"predecessor-version":[{"id":37030,"href":"https:\/\/gumotexboats.com\/eu\/wp-json\/wp\/v2\/pages\/36910\/revisions\/37030"}],"wp:attachment":[{"href":"https:\/\/gumotexboats.com\/eu\/wp-json\/wp\/v2\/media?parent=36910"}],"curies":[{"name":"wp","href":"https:\/\/api.w.org\/{rel}","templated":true}]}}