{"id":36900,"date":"2025-05-23T10:05:31","date_gmt":"2025-05-23T10:05:31","guid":{"rendered":"https:\/\/gumotexboats.com\/eu\/?page_id=36900"},"modified":"2025-06-27T09:25:06","modified_gmt":"2025-06-27T09:25:06","slug":"5-ev-garancia","status":"publish","type":"page","link":"https:\/\/gumotexboats.com\/eu\/5-ev-garancia\/","title":{"rendered":"5 \u00e9v garancia"},"content":{"rendered":"<div class=\"fusion-fullwidth fullwidth-box fusion-builder-row-1 fusion-flex-container nonhundred-percent-fullwidth non-hundred-percent-height-scrolling\" style=\"--awb-border-radius-top-left:0px;--awb-border-radius-top-right:0px;--awb-border-radius-bottom-right:0px;--awb-border-radius-bottom-left:0px;--awb-flex-wrap:wrap;\" ><div class=\"fusion-builder-row fusion-row fusion-flex-align-items-flex-start fusion-flex-content-wrap\" style=\"max-width:1289.6px;margin-left: calc(-4% \/ 2 );margin-right: calc(-4% \/ 2 );\"><div class=\"fusion-layout-column fusion_builder_column fusion-builder-column-0 fusion_builder_column_1_1 1_1 fusion-flex-column\" style=\"--awb-bg-size:cover;--awb-width-large:100%;--awb-margin-top-large:0px;--awb-spacing-right-large:1.92%;--awb-margin-bottom-large:0px;--awb-spacing-left-large:1.92%;--awb-width-medium:100%;--awb-spacing-right-medium:1.92%;--awb-spacing-left-medium:1.92%;--awb-width-small:100%;--awb-spacing-right-small:1.92%;--awb-spacing-left-small:1.92%;\"><div class=\"fusion-column-wrapper fusion-flex-justify-content-flex-start fusion-content-layout-column\"><div class=\"fusion-text fusion-text-1\"><div style=\"display: flex; flex-wrap: wrap; justify-content: center; gap: 10px; text-align: center;\"><a style=\"text-decoration: none; display: inline-flex; align-items: center; gap: 8px;\" href=\"https:\/\/gumotexboats.com\/us\/5-year-warranty\/\"><br \/>\n<img decoding=\"async\" src=\"https:\/\/flagcdn.com\/us.svg\" alt=\"English\" width=\"24\" height=\"16\" \/> English<br \/>\n<\/a><br \/>\n<a style=\"text-decoration: none; display: inline-flex; align-items: center; gap: 8px;\" href=\"https:\/\/gumotexcluny.cz\/gumotex-5leta-zaruka\"><br \/>\n<img decoding=\"async\" src=\"https:\/\/flagcdn.com\/cz.svg\" alt=\"\u010ce\u0161tina\" width=\"24\" height=\"16\" \/> \u010ce\u0161tina<br \/>\n<\/a><br \/>\n<a style=\"text-decoration: none; display: inline-flex; align-items: center; gap: 8px;\" href=\"https:\/\/gumotexboats.com\/eu\/5-jahre-garantie-ohne-ausreden\/\"><br \/>\n<img decoding=\"async\" src=\"https:\/\/flagcdn.com\/de.svg\" alt=\"Deutsch\" width=\"24\" height=\"16\" \/> Deutsch<br \/>\n<\/a><br \/>\n<a style=\"text-decoration: none; display: inline-flex; align-items: center; gap: 8px;\" href=\"https:\/\/gumotexboats.com\/eu\/garantie-5-ans\/\"><br \/>\n<img decoding=\"async\" src=\"https:\/\/flagcdn.com\/fr.svg\" alt=\"Fran\u00e7ais\" width=\"24\" height=\"16\" \/> Fran\u00e7ais<br \/>\n<\/a><br \/>\n<a style=\"text-decoration: none; display: inline-flex; align-items: center; gap: 8px;\" href=\"https:\/\/gumotexboats.com\/eu\/5-anos-de-garantia\/\"><br \/>\n<img decoding=\"async\" src=\"https:\/\/flagcdn.com\/es.svg\" alt=\"Espa\u00f1ol\" width=\"24\" height=\"16\" \/> Espa\u00f1ol<br \/>\n<\/a><br \/>\n<a style=\"text-decoration: none; display: inline-flex; align-items: center; gap: 8px;\" href=\"https:\/\/gumotexboats.com\/eu\/5-ev-garancia\/\"><br \/>\n<img decoding=\"async\" src=\"https:\/\/flagcdn.com\/hu.svg\" alt=\"Magyar\" width=\"24\" height=\"16\" \/> Magyar<br \/>\n<\/a><br \/>\n<a style=\"text-decoration: none; display: inline-flex; align-items: center; gap: 8px;\" href=\"https:\/\/gumotexboats.com\/eu\/garantie-de-5-ani\/\"><br \/>\n<img decoding=\"async\" src=\"https:\/\/flagcdn.com\/ro.svg\" alt=\"Rom\u00e2n\u0103\" width=\"24\" height=\"16\" \/> Rom\u00e2n\u0103<br \/>\n<\/a><br \/>\n<a style=\"text-decoration: none; display: inline-flex; align-items: center; gap: 8px;\" href=\"https:\/\/gumotexboats.com\/eu\/5-anos-de-garantia-2\/\"><br \/>\n<img decoding=\"async\" src=\"https:\/\/flagcdn.com\/pt.svg\" alt=\"Portugu\u00eas\" width=\"24\" height=\"16\" \/> Portugu\u00eas<br \/>\n<\/a><br \/>\n<a style=\"text-decoration: none; display: inline-flex; align-items: center; gap: 8px;\" href=\"https:\/\/gumotexcluny.cz\/5-rocna-zaruka\/\"><br \/>\n<img decoding=\"async\" src=\"https:\/\/flagcdn.com\/sk.svg\" alt=\"Sloven\u010dina\" width=\"24\" height=\"16\" \/> Sloven\u010dina<br \/>\n<\/a><br \/>\n<a style=\"text-decoration: none; display: inline-flex; align-items: center; gap: 8px;\" href=\"https:\/\/gumotexboats.com\/eu\/5-godisnje-jamstvo\/\"><br \/>\n<img decoding=\"async\" src=\"https:\/\/flagcdn.com\/hr.svg\" alt=\"Hrvatski\" width=\"24\" height=\"16\" \/> Hrvatski<br \/>\n<\/a><br \/>\n<a style=\"text-decoration: none; display: inline-flex; align-items: center; gap: 8px;\" href=\"https:\/\/gumotexboats.com\/eu\/5-letna-garancija\/\"><br \/>\n<img decoding=\"async\" src=\"https:\/\/flagcdn.com\/si.svg\" alt=\"Sloven\u0161\u010dina\" width=\"24\" height=\"16\" \/> Sloven\u0161\u010dina<br \/>\n<\/a><br \/>\n<a style=\"text-decoration: none; display: inline-flex; align-items: center; gap: 8px;\" href=\"https:\/\/gumotexboats.com\/eu\/garanzia-di-5-anni\/\"><br \/>\n<img decoding=\"async\" src=\"https:\/\/flagcdn.com\/it.svg\" alt=\"Italiano\" width=\"24\" height=\"16\" \/> Italiano<br \/>\n<\/a><br \/>\n<a style=\"text-decoration: none; display: inline-flex; align-items: center; gap: 8px;\" href=\"https:\/\/gumotexboats.com\/eu\/5-jaar-garantie\/\"><br \/>\n<img decoding=\"async\" src=\"https:\/\/flagcdn.com\/nl.svg\" alt=\"Nederlands\" width=\"24\" height=\"16\" \/> Nederlands<br \/>\n<\/a><br \/>\n<a style=\"text-decoration: none; display: inline-flex; align-items: center; gap: 8px;\" href=\"https:\/\/gumotexboats.com\/eu\/5-letnia-gwarancja\/\"><br \/>\n<img decoding=\"async\" src=\"https:\/\/flagcdn.com\/pl.svg\" alt=\"Polski\" width=\"24\" height=\"16\" \/> Polski<br \/>\n<\/a><\/div>\n<p><a href=\"https:\/\/warranty.gumotexboats.com\/?lang=hu\"><img decoding=\"async\" class=\"alignnone wp-image-36884 size-full\" src=\"https:\/\/gumotexboats.com\/eu\/wp-content\/uploads\/sites\/3\/2025\/05\/5-let-zaruka-CANOE-1920x779-HU.jpg\" alt=\"\" width=\"1920\" height=\"779\" srcset=\"https:\/\/gumotexboats.com\/eu\/wp-content\/uploads\/sites\/3\/2025\/05\/5-let-zaruka-CANOE-1920x779-HU-200x81.jpg 200w, https:\/\/gumotexboats.com\/eu\/wp-content\/uploads\/sites\/3\/2025\/05\/5-let-zaruka-CANOE-1920x779-HU-300x122.jpg 300w, https:\/\/gumotexboats.com\/eu\/wp-content\/uploads\/sites\/3\/2025\/05\/5-let-zaruka-CANOE-1920x779-HU-400x162.jpg 400w, https:\/\/gumotexboats.com\/eu\/wp-content\/uploads\/sites\/3\/2025\/05\/5-let-zaruka-CANOE-1920x779-HU-500x203.jpg 500w, https:\/\/gumotexboats.com\/eu\/wp-content\/uploads\/sites\/3\/2025\/05\/5-let-zaruka-CANOE-1920x779-HU-600x243.jpg 600w, https:\/\/gumotexboats.com\/eu\/wp-content\/uploads\/sites\/3\/2025\/05\/5-let-zaruka-CANOE-1920x779-HU-669x272.jpg 669w, https:\/\/gumotexboats.com\/eu\/wp-content\/uploads\/sites\/3\/2025\/05\/5-let-zaruka-CANOE-1920x779-HU-700x284.jpg 700w, https:\/\/gumotexboats.com\/eu\/wp-content\/uploads\/sites\/3\/2025\/05\/5-let-zaruka-CANOE-1920x779-HU-768x312.jpg 768w, https:\/\/gumotexboats.com\/eu\/wp-content\/uploads\/sites\/3\/2025\/05\/5-let-zaruka-CANOE-1920x779-HU-800x325.jpg 800w, https:\/\/gumotexboats.com\/eu\/wp-content\/uploads\/sites\/3\/2025\/05\/5-let-zaruka-CANOE-1920x779-HU-1024x415.jpg 1024w, https:\/\/gumotexboats.com\/eu\/wp-content\/uploads\/sites\/3\/2025\/05\/5-let-zaruka-CANOE-1920x779-HU-1200x487.jpg 1200w, https:\/\/gumotexboats.com\/eu\/wp-content\/uploads\/sites\/3\/2025\/05\/5-let-zaruka-CANOE-1920x779-HU-1536x623.jpg 1536w, https:\/\/gumotexboats.com\/eu\/wp-content\/uploads\/sites\/3\/2025\/05\/5-let-zaruka-CANOE-1920x779-HU.jpg 1920w\" sizes=\"(max-width: 1920px) 100vw, 1920px\" \/><\/a><\/p>\n<p>A v\u00edzre sz\u00e1ll\u00e1snak a szabads\u00e1gr\u00f3l, a kalandr\u00f3l \u00e9s arr\u00f3l kell sz\u00f3lnia, hogy sz\u00e1m\u00edthatsz magadra \u00e9s a felszerel\u00e9sedre.<\/p>\n<p>Ez\u00e9rt k\u00edn\u00e1lunk 5 \u00e9v garanci\u00e1t a GUMOTEX cs\u00f3nakjainkra. Ez nem csak egy apr\u00f3bet\u0171s sor. Meg\u00edg\u00e9rj\u00fck, hogy hossz\u00fa t\u00e1von is sz\u00e1m\u00edthatsz r\u00e1nk.<\/p>\n<h2>Mit kap ebb\u0151l?<\/h2>\n<ul>\n<li><strong>5 \u00e9v nyugalom<\/strong> &#8211; ha gy\u00e1rt\u00e1si hiba miatt valami elromlik, mi gondoskodunk r\u00f3la.<\/li>\n<li><strong>K\u00f6zvetlen t\u00e1mogat\u00e1s a gy\u00e1rt\u00f3t\u00f3l<\/strong> &#8211; nincsenek k\u00f6zvet\u00edt\u0151k, nincsenek kifog\u00e1sok.<\/li>\n<li><strong>Hossz\u00fa t\u00e1v\u00fa bizalom<\/strong> &#8211; nem csak egy vagy k\u00e9t szezonra.<\/li>\n<li><strong>Befektet\u00e9sv\u00e9delem<\/strong> &#8211; egy t\u00f6bb ezer \u00e9rt\u00e9k\u0171 haj\u00f3 eset\u00e9ben ennek egyszer\u0171en van \u00e9rtelme.<\/li>\n<li><strong>Egyszer\u0171 regisztr\u00e1ci\u00f3s folyamat<\/strong> &#8211; mind\u00f6ssze n\u00e9h\u00e1ny percet vesz ig\u00e9nybe.<\/li>\n<li>T\u00f6bb id\u0151 a v\u00edz \u00e9lvezet\u00e9re, kevesebb id\u0151 a probl\u00e9m\u00e1kkal val\u00f3 foglalkoz\u00e1sra.<\/li>\n<\/ul>\n<h2>Mi\u00e9rt 5 \u00e9v?<\/h2>\n<p>A GUMOTEX cs\u00f3nakokat tart\u00f3ss\u00e1gra tervezt\u00e9k. Sokkal t\u00f6bbre, mint egyetlen szezonra.<br \/>\nMegb\u00edzhat\u00f3 t\u00e1rsak az \u00e9vekig tart\u00f3 felfedez\u00e9sekhez &#8211; \u00e9s mi ki\u00e1llunk \u00e9rt\u00fck.<br \/>\n2025. m\u00e1jus 30-j\u00e9t\u0151l minden v\u00e9gfelhaszn\u00e1l\u00f3 megkapja a kiterjesztett 5 \u00e9ves ingyenes garanci\u00e1nkat.<br \/>\nMind\u00f6ssze annyit kell tennie, hogy a v\u00e1s\u00e1rl\u00e1st k\u00f6vet\u0151en regisztr\u00e1ltatja a cs\u00f3nakj\u00e1t.<br \/>\nA garancia eg\u00e9sz Eur\u00f3p\u00e1ban \u00e9rv\u00e9nyes, \u00e9s k\u00f6zvetlen\u00fcl a GUMOTEX adja ki &#8211; nincsenek forgalmaz\u00f3k vagy n\u00e9vtelen call centerek.<\/p>\n<p><a class=\"mt-3 button button-gmtx\" href=\"https:\/\/warranty.gumotexboats.com\/?lang=hu\">REGISZTR\u00c1LJA HAJ\u00d3J\u00c1T<\/a><\/p>\n<h2 style=\"margin-top: 3rem;\">Mire terjed ki a garancia?<\/h2>\n<ul>\n<li>Gy\u00e1rt\u00e1si hib\u00e1k<\/li>\n<li>Anyaghib\u00e1k, bele\u00e9rtve a varratokat, szelepeket \u00e9s a konstrukci\u00f3t is.<\/li>\n<li>A v\u00e9gfelhaszn\u00e1l\u00f3 \u00e1ltali szok\u00e1sos szabadid\u0151s haszn\u00e1lat<\/li>\n<\/ul>\n<h2>Mire nem terjed ki a garancia?<\/h2>\n<ul>\n<li>Mechanikai s\u00e9r\u00fcl\u00e9sek (pl. lyukad\u00e1s, szakad\u00e1s, kop\u00e1s)<\/li>\n<li>Helytelen vagy nem megfelel\u0151 haszn\u00e1lat (pl. t\u00falterhel\u00e9s, t\u00falmeleged\u00e9s, helytelen t\u00e1rol\u00e1s).<\/li>\n<li>Enged\u00e9ly n\u00e9lk\u00fcli m\u00f3dos\u00edt\u00e1sok vagy jav\u00edt\u00e1sok<\/li>\n<li>\u00c1llatok, vegyi anyagok vagy id\u0151j\u00e1r\u00e1si k\u00f6r\u00fclm\u00e9nyek \u00e1ltal okozott k\u00e1rok.<\/li>\n<li>Kereskedelmi haszn\u00e1lat (pl. b\u00e9rbead\u00e1s, rafting c\u00e9gek)<\/li>\n<li><\/li>\n<\/ul>\n<p>\ud83d\udc49 A kiz\u00e1r\u00e1sok teljes list\u00e1ja a k\u00f6vetkez\u0151ket tartalmazza::<\/p>\n<ul>\n<li>Hanyags\u00e1gb\u00f3l, el\u00e9gtelen karbantart\u00e1sb\u00f3l, balesetb\u0151l, rendellenes vagy helytelen haszn\u00e1latb\u00f3l, helytelen \u00f6sszeszerel\u00e9si vagy jav\u00edt\u00e1si k\u00eds\u00e9rletekb\u0151l, sz\u00e1ll\u00edt\u00e1si vagy t\u00e1rol\u00e1si k\u00e1rokb\u00f3l ered\u0151 k\u00e1rok.<\/li>\n<li>Enged\u00e9ly n\u00e9lk\u00fcli m\u00f3dos\u00edt\u00e1sok (nem javasoljuk a hivatalos YouTube-utas\u00edt\u00e1sainkkal ellent\u00e9tes bark\u00e1csol\u00e1st).<\/li>\n<li>Karcol\u00e1sok, szakad\u00e1sok, kilyukad\u00e1sok<\/li>\n<li>Norm\u00e1l kop\u00e1s \u00e9s elhaszn\u00e1l\u00f3d\u00e1s<\/li>\n<li>A haj\u00f3 h\u00faz\u00e1sa durva fel\u00fcleteken<\/li>\n<li>A maxim\u00e1lis s\u00faly vagy felhaszn\u00e1l\u00f3i kapacit\u00e1s t\u00fall\u00e9p\u00e9se<\/li>\n<li>A v\u00e9delem hi\u00e1nya miatti extr\u00e9m UV-k\u00e1rosod\u00e1s (anyagroml\u00e1s vagy kifakul\u00e1sa)<\/li>\n<li>T\u00fals\u00e1gos felf\u00fav\u00f3d\u00e1sb\u00f3l vagy h\u0151hat\u00e1snak val\u00f3 kitetts\u00e9gb\u0151l (pl. napf\u00e9nyt\u0151l f\u0171t\u00f6tt t\u00e1gul\u00e1s) ered\u0151 k\u00e1rok.<\/li>\n<li>Vandalizmus vagy sz\u00e1nd\u00e9kos rong\u00e1l\u00e1s<\/li>\n<li>Vis maior vagy s\u00falyos id\u0151j\u00e1r\u00e1s okozta k\u00e1rok<\/li>\n<li>Nem megfelel\u0151 tiszt\u00edt\u00e1s vagy karbantart\u00e1s hi\u00e1nya<\/li>\n<li>H\u00e1llatok vagy v\u00edzi\/tengeri n\u00f6v\u00e9nyek \u00e1ltal okozott k\u00e1rok<\/li>\n<li>K\u00e9miai vagy rossz min\u0151s\u00e9g\u0171 v\u00edz okozta k\u00e1rok<\/li>\n<\/ul>\n<p>A GUMOTEX nem v\u00e1llal felel\u0151ss\u00e9get a term\u00e9k eredeti sz\u00e1ll\u00edt\u00e1si hely\u00e9t\u0151l elt\u00e9r\u0151 orsz\u00e1gokba t\u00f6rt\u00e9n\u0151 garanci\u00e1lis visszak\u00fcld\u00e9s\u00e9rt.<\/p>\n<div class=\"blue_bg\">\n<h2>Hogyan aktiv\u00e1lhatja a garanci\u00e1t<\/h2>\n<p>Ez egyszer\u0171 \u00e9s mind\u00f6ssze n\u00e9h\u00e1ny percet vesz ig\u00e9nybe:<\/p>\n<ul>\n<li>V\u00e1s\u00e1roljon egy GUMOTEX haj\u00f3t hivatalos keresked\u0151t\u0151l vagy online<\/li>\n<li>Regisztr\u00e1lja azt 30 napon bel\u00fcl<\/li>\n<li>T\u00f6lts\u00f6n ki egy r\u00f6vid \u0171rlapot &#8211; n\u00e9v, haj\u00f3t\u00edpus, v\u00e1s\u00e1rl\u00e1st igazol\u00f3 bizonylat.<\/li>\n<li>Meger\u0151s\u00edt\u0151 e-mailt kap, \u00e9s az 5 \u00e9ves garancia akt\u00edvv\u00e1 v\u00e1lik.<\/li>\n<\/ul>\n<p><a class=\"mt-3 button button-gmtx\" href=\"https:\/\/warranty.gumotexboats.com\/?lang=hu\">REGISZTR\u00c1LJA HAJ\u00d3J\u00c1T<\/a><\/p>\n<\/div>\n<h2>GUMOTEX &#8211; cseh m\u00e1rka, glob\u00e1lis min\u0151s\u00e9g<\/h2>\n<ul>\n<li>Made in the Czech Republic &#8211; B\u0159eclavban, minden egy fed\u00e9l alatt<\/li>\n<li>Saj\u00e1t NITRILON\u00ae anyag &#8211; ellen\u00e1ll a lyukaszt\u00e1snak, az UV sug\u00e1rz\u00e1snak \u00e9s a s\u00f3nak.<\/li>\n<li>K\u00e9tl\u00e9pcs\u0151s min\u0151s\u00e9gellen\u0151rz\u00e9s minden haj\u00f3n<\/li>\n<li>Vil\u00e1gszerte t\u00f6bb ezer felhaszn\u00e1l\u00f3 b\u00edzik benn\u00fcnk<\/li>\n<li>Nemzetk\u00f6zi h\u00edrn\u00e9vvel rendelkez\u0151 cseh v\u00e1llalat vagyunk. Egy fed\u00e9l alatt tervez\u00fcnk, gy\u00e1rtunk \u00e9s tesztel\u00fcnk.<\/li>\n<\/ul>\n<p><strong>Tudjuk, hogy az \u00d6n bizalma nem mag\u00e1t\u00f3l \u00e9rtet\u0151d\u0151, \u00e9s igyeksz\u00fcnk ki\u00e9rdemelni.<\/strong><\/p>\n<\/div><\/div><\/div><\/div><\/div>\n","protected":false},"excerpt":{"rendered":"","protected":false},"author":13,"featured_media":0,"parent":0,"menu_order":0,"comment_status":"closed","ping_status":"closed","template":"","meta":{"_seopress_robots_primary_cat":"","_seopress_titles_title":"","_seopress_titles_desc":"","_seopress_robots_index":"","inline_featured_image":false,"footnotes":""},"class_list":["post-36900","page","type-page","status-publish","hentry"],"_links":{"self":[{"href":"https:\/\/gumotexboats.com\/eu\/wp-json\/wp\/v2\/pages\/36900","targetHints":{"allow":["GET"]}}],"collection":[{"href":"https:\/\/gumotexboats.com\/eu\/wp-json\/wp\/v2\/pages"}],"about":[{"href":"https:\/\/gumotexboats.com\/eu\/wp-json\/wp\/v2\/types\/page"}],"author":[{"embeddable":true,"href":"https:\/\/gumotexboats.com\/eu\/wp-json\/wp\/v2\/users\/13"}],"replies":[{"embeddable":true,"href":"https:\/\/gumotexboats.com\/eu\/wp-json\/wp\/v2\/comments?post=36900"}],"version-history":[{"count":8,"href":"https:\/\/gumotexboats.com\/eu\/wp-json\/wp\/v2\/pages\/36900\/revisions"}],"predecessor-version":[{"id":37029,"href":"https:\/\/gumotexboats.com\/eu\/wp-json\/wp\/v2\/pages\/36900\/revisions\/37029"}],"wp:attachment":[{"href":"https:\/\/gumotexboats.com\/eu\/wp-json\/wp\/v2\/media?parent=36900"}],"curies":[{"name":"wp","href":"https:\/\/api.w.org\/{rel}","templated":true}]}}