{"id":36892,"date":"2025-05-23T09:45:07","date_gmt":"2025-05-23T09:45:07","guid":{"rendered":"https:\/\/gumotexboats.com\/eu\/?page_id=36892"},"modified":"2025-06-27T09:23:54","modified_gmt":"2025-06-27T09:23:54","slug":"5-anos-de-garantia","status":"publish","type":"page","link":"https:\/\/gumotexboats.com\/eu\/5-anos-de-garantia\/","title":{"rendered":"5 a\u00f1os de garant\u00eda"},"content":{"rendered":"<div class=\"fusion-fullwidth fullwidth-box fusion-builder-row-1 fusion-flex-container nonhundred-percent-fullwidth non-hundred-percent-height-scrolling\" style=\"--awb-border-radius-top-left:0px;--awb-border-radius-top-right:0px;--awb-border-radius-bottom-right:0px;--awb-border-radius-bottom-left:0px;--awb-flex-wrap:wrap;\" ><div class=\"fusion-builder-row fusion-row fusion-flex-align-items-flex-start fusion-flex-content-wrap\" style=\"max-width:1289.6px;margin-left: calc(-4% \/ 2 );margin-right: calc(-4% \/ 2 );\"><div class=\"fusion-layout-column fusion_builder_column fusion-builder-column-0 fusion_builder_column_1_1 1_1 fusion-flex-column\" style=\"--awb-bg-size:cover;--awb-width-large:100%;--awb-margin-top-large:0px;--awb-spacing-right-large:1.92%;--awb-margin-bottom-large:0px;--awb-spacing-left-large:1.92%;--awb-width-medium:100%;--awb-spacing-right-medium:1.92%;--awb-spacing-left-medium:1.92%;--awb-width-small:100%;--awb-spacing-right-small:1.92%;--awb-spacing-left-small:1.92%;\"><div class=\"fusion-column-wrapper fusion-flex-justify-content-flex-start fusion-content-layout-column\"><div class=\"fusion-text fusion-text-1\"><div style=\"display: flex; flex-wrap: wrap; justify-content: center; gap: 10px; text-align: center;\"><a style=\"text-decoration: none; display: inline-flex; align-items: center; gap: 8px;\" href=\"https:\/\/gumotexboats.com\/us\/5-year-warranty\/\"><br \/>\n<img decoding=\"async\" src=\"https:\/\/flagcdn.com\/us.svg\" alt=\"English\" width=\"24\" height=\"16\" \/> English<br \/>\n<\/a><br \/>\n<a style=\"text-decoration: none; display: inline-flex; align-items: center; gap: 8px;\" href=\"https:\/\/gumotexcluny.cz\/gumotex-5leta-zaruka\"><br \/>\n<img decoding=\"async\" src=\"https:\/\/flagcdn.com\/cz.svg\" alt=\"\u010ce\u0161tina\" width=\"24\" height=\"16\" \/> \u010ce\u0161tina<br \/>\n<\/a><br \/>\n<a style=\"text-decoration: none; display: inline-flex; align-items: center; gap: 8px;\" href=\"https:\/\/gumotexboats.com\/eu\/5-jahre-garantie-ohne-ausreden\/\"><br \/>\n<img decoding=\"async\" src=\"https:\/\/flagcdn.com\/de.svg\" alt=\"Deutsch\" width=\"24\" height=\"16\" \/> Deutsch<br \/>\n<\/a><br \/>\n<a style=\"text-decoration: none; display: inline-flex; align-items: center; gap: 8px;\" href=\"https:\/\/gumotexboats.com\/eu\/garantie-5-ans\/\"><br \/>\n<img decoding=\"async\" src=\"https:\/\/flagcdn.com\/fr.svg\" alt=\"Fran\u00e7ais\" width=\"24\" height=\"16\" \/> Fran\u00e7ais<br \/>\n<\/a><br \/>\n<a style=\"text-decoration: none; display: inline-flex; align-items: center; gap: 8px;\" href=\"https:\/\/gumotexboats.com\/eu\/5-anos-de-garantia\/\"><br \/>\n<img decoding=\"async\" src=\"https:\/\/flagcdn.com\/es.svg\" alt=\"Espa\u00f1ol\" width=\"24\" height=\"16\" \/> Espa\u00f1ol<br \/>\n<\/a><br \/>\n<a style=\"text-decoration: none; display: inline-flex; align-items: center; gap: 8px;\" href=\"https:\/\/gumotexboats.com\/eu\/5-ev-garancia\/\"><br \/>\n<img decoding=\"async\" src=\"https:\/\/flagcdn.com\/hu.svg\" alt=\"Magyar\" width=\"24\" height=\"16\" \/> Magyar<br \/>\n<\/a><br \/>\n<a style=\"text-decoration: none; display: inline-flex; align-items: center; gap: 8px;\" href=\"https:\/\/gumotexboats.com\/eu\/garantie-de-5-ani\/\"><br \/>\n<img decoding=\"async\" src=\"https:\/\/flagcdn.com\/ro.svg\" alt=\"Rom\u00e2n\u0103\" width=\"24\" height=\"16\" \/> Rom\u00e2n\u0103<br \/>\n<\/a><br \/>\n<a style=\"text-decoration: none; display: inline-flex; align-items: center; gap: 8px;\" href=\"https:\/\/gumotexboats.com\/eu\/5-anos-de-garantia-2\/\"><br \/>\n<img decoding=\"async\" src=\"https:\/\/flagcdn.com\/pt.svg\" alt=\"Portugu\u00eas\" width=\"24\" height=\"16\" \/> Portugu\u00eas<br \/>\n<\/a><br \/>\n<a style=\"text-decoration: none; display: inline-flex; align-items: center; gap: 8px;\" href=\"https:\/\/gumotexcluny.cz\/5-rocna-zaruka\/\"><br \/>\n<img decoding=\"async\" src=\"https:\/\/flagcdn.com\/sk.svg\" alt=\"Sloven\u010dina\" width=\"24\" height=\"16\" \/> Sloven\u010dina<br \/>\n<\/a><br \/>\n<a style=\"text-decoration: none; display: inline-flex; align-items: center; gap: 8px;\" href=\"https:\/\/gumotexboats.com\/eu\/5-godisnje-jamstvo\/\"><br \/>\n<img decoding=\"async\" src=\"https:\/\/flagcdn.com\/hr.svg\" alt=\"Hrvatski\" width=\"24\" height=\"16\" \/> Hrvatski<br \/>\n<\/a><br \/>\n<a style=\"text-decoration: none; display: inline-flex; align-items: center; gap: 8px;\" href=\"https:\/\/gumotexboats.com\/eu\/5-letna-garancija\/\"><br \/>\n<img decoding=\"async\" src=\"https:\/\/flagcdn.com\/si.svg\" alt=\"Sloven\u0161\u010dina\" width=\"24\" height=\"16\" \/> Sloven\u0161\u010dina<br \/>\n<\/a><br \/>\n<a style=\"text-decoration: none; display: inline-flex; align-items: center; gap: 8px;\" href=\"https:\/\/gumotexboats.com\/eu\/garanzia-di-5-anni\/\"><br \/>\n<img decoding=\"async\" src=\"https:\/\/flagcdn.com\/it.svg\" alt=\"Italiano\" width=\"24\" height=\"16\" \/> Italiano<br \/>\n<\/a><br \/>\n<a style=\"text-decoration: none; display: inline-flex; align-items: center; gap: 8px;\" href=\"https:\/\/gumotexboats.com\/eu\/5-jaar-garantie\/\"><br \/>\n<img decoding=\"async\" src=\"https:\/\/flagcdn.com\/nl.svg\" alt=\"Nederlands\" width=\"24\" height=\"16\" \/> Nederlands<br \/>\n<\/a><br \/>\n<a style=\"text-decoration: none; display: inline-flex; align-items: center; gap: 8px;\" href=\"https:\/\/gumotexboats.com\/eu\/5-letnia-gwarancja\/\"><br \/>\n<img decoding=\"async\" src=\"https:\/\/flagcdn.com\/pl.svg\" alt=\"Polski\" width=\"24\" height=\"16\" \/> Polski<br \/>\n<\/a><\/div>\n<p><a href=\"https:\/\/warranty.gumotexboats.com\/?lang=es\"><img decoding=\"async\" class=\"alignnone wp-image-36882 size-full\" src=\"https:\/\/gumotexboats.com\/eu\/wp-content\/uploads\/sites\/3\/2025\/05\/5-let-zaruka-CANOE-1920x779-ES.jpg\" alt=\"\" width=\"1920\" height=\"779\" srcset=\"https:\/\/gumotexboats.com\/eu\/wp-content\/uploads\/sites\/3\/2025\/05\/5-let-zaruka-CANOE-1920x779-ES-200x81.jpg 200w, https:\/\/gumotexboats.com\/eu\/wp-content\/uploads\/sites\/3\/2025\/05\/5-let-zaruka-CANOE-1920x779-ES-300x122.jpg 300w, https:\/\/gumotexboats.com\/eu\/wp-content\/uploads\/sites\/3\/2025\/05\/5-let-zaruka-CANOE-1920x779-ES-400x162.jpg 400w, https:\/\/gumotexboats.com\/eu\/wp-content\/uploads\/sites\/3\/2025\/05\/5-let-zaruka-CANOE-1920x779-ES-500x203.jpg 500w, https:\/\/gumotexboats.com\/eu\/wp-content\/uploads\/sites\/3\/2025\/05\/5-let-zaruka-CANOE-1920x779-ES-600x243.jpg 600w, https:\/\/gumotexboats.com\/eu\/wp-content\/uploads\/sites\/3\/2025\/05\/5-let-zaruka-CANOE-1920x779-ES-669x272.jpg 669w, https:\/\/gumotexboats.com\/eu\/wp-content\/uploads\/sites\/3\/2025\/05\/5-let-zaruka-CANOE-1920x779-ES-700x284.jpg 700w, https:\/\/gumotexboats.com\/eu\/wp-content\/uploads\/sites\/3\/2025\/05\/5-let-zaruka-CANOE-1920x779-ES-768x312.jpg 768w, https:\/\/gumotexboats.com\/eu\/wp-content\/uploads\/sites\/3\/2025\/05\/5-let-zaruka-CANOE-1920x779-ES-800x325.jpg 800w, https:\/\/gumotexboats.com\/eu\/wp-content\/uploads\/sites\/3\/2025\/05\/5-let-zaruka-CANOE-1920x779-ES-1024x415.jpg 1024w, https:\/\/gumotexboats.com\/eu\/wp-content\/uploads\/sites\/3\/2025\/05\/5-let-zaruka-CANOE-1920x779-ES-1200x487.jpg 1200w, https:\/\/gumotexboats.com\/eu\/wp-content\/uploads\/sites\/3\/2025\/05\/5-let-zaruka-CANOE-1920x779-ES-1536x623.jpg 1536w, https:\/\/gumotexboats.com\/eu\/wp-content\/uploads\/sites\/3\/2025\/05\/5-let-zaruka-CANOE-1920x779-ES.jpg 1920w\" sizes=\"(max-width: 1920px) 100vw, 1920px\" \/><\/a><\/p>\n<p>Salir al agua deber\u00eda ser sin\u00f3nimo de libertad, aventura y de saber que puedes contar contigo mismo y con tu equipo.<\/p>\n<p>Por eso ofrecemos una garant\u00eda de 5 a\u00f1os en nuestras embarcaciones GUMOTEX. No es s\u00f3lo una l\u00ednea en letra peque\u00f1a. Prometemos cubrirte las espaldas a largo plazo.<\/p>\n<h2>\u00bfQu\u00e9 le ofrecemos?f it?<\/h2>\n<ul>\n<li><strong>5 a\u00f1os de tranquilidad:<\/strong> si algo va mal debido a un fallo de fabricaci\u00f3n, nosotros nos encargamos.<\/li>\n<li><strong>Asistencia directa del fabricante:<\/strong> sin intermediarios ni excusas.<\/li>\n<li><strong>Confianza a largo plazo:<\/strong> no s\u00f3lo para una o dos temporadas.<\/li>\n<li><strong>Protecci\u00f3n de la inversi\u00f3n:<\/strong> para una embarcaci\u00f3n que vale miles de euros, tiene sentido.<\/li>\n<li><strong>Proceso de registro sencillo:<\/strong> s\u00f3lo le llevar\u00e1 unos minutos.<\/li>\n<li>M\u00e1s tiempo para disfrutar del agua significa menos tiempo para solucionar problemas.<\/li>\n<\/ul>\n<h2>\u00bfPor qu\u00e9 5 a\u00f1os?<\/h2>\n<p>Porque las embarcaciones GUMOTEX est\u00e1n hechas para durar. Mucho m\u00e1s que solo una temporada.<br \/>\nSon compa\u00f1eros de confianza para a\u00f1os de exploraci\u00f3n, y nosotros los respaldamos.<br \/>\nA partir del 30 de mayo de 2025, todos los clientes finales pueden obtener nuestra garant\u00eda ampliada gratuita de 5 a\u00f1os.<br \/>\nTodo lo que tiene que hacer es registrar su embarcaci\u00f3n tras la compra.<br \/>\nLa garant\u00eda es v\u00e1lida en toda Europa y la emite directamente GUMOTEX, sin distribuidores ni centros de llamadas an\u00f3nimos.<\/p>\n<p><a class=\"mt-3 button button-gmtx\" href=\"https:\/\/warranty.gumotexboats.com\/?lang=es\">REGISTRE SU EMBARCACI\u00d3N<\/a><\/p>\n<h2 style=\"margin-top: 3rem;\">\u00bfQu\u00e9 cubre la garant\u00eda?<\/h2>\n<ul>\n<li>Defectos de fabricaci\u00f3n<\/li>\n<li>Defectos de material, incluyendo costuras, v\u00e1lvulas y construcci\u00f3n<\/li>\n<li>Uso recreativo normal por parte del cliente final<\/li>\n<\/ul>\n<h2>\u00bfQu\u00e9 no cubre?<\/h2>\n<ul>\n<li>Da\u00f1os mec\u00e1nicos (por ejemplo, pinchazos, desgarros, abrasiones)<\/li>\n<li>Uso incorrecto o inadecuado (por ejemplo, sobrecarga, sobrecalentamiento, almacenamiento deficiente)<\/li>\n<li>Modificaciones o reparaciones no autorizadas<\/li>\n<li>Da\u00f1os causados por animales, productos qu\u00edmicos o condiciones meteorol\u00f3gicas<\/li>\n<li>Uso comercial (por ejemplo, alquileres, empresas de rafting)<\/li>\n<\/ul>\n<p>\ud83d\udc49 La lista completa de exclusiones incluye:<\/p>\n<ul>\n<li>Da\u00f1os por negligencia, mantenimiento insuficiente, accidentes, uso anormal o inadecuado, intentos de montaje o reparaci\u00f3n incorrectos, da\u00f1os por transporte o almacenamiento<\/li>\n<li>Modificaciones no autorizadas (desaconsejamos el bricolaje que contradiga nuestras instrucciones oficiales de YouTube)<\/li>\n<li>Ara\u00f1azos, roturas, pinchazos<\/li>\n<li>Desgaste normal<\/li>\n<li>Arrastre de la embarcaci\u00f3n por superficies rugosas<\/li>\n<li>Exceder el peso m\u00e1ximo o la capacidad del usuario<\/li>\n<li>Da\u00f1os extremos por rayos UV debidos a la falta de protecci\u00f3n (rotura o decoloraci\u00f3n del material)<\/li>\n<li>Da\u00f1os por inflado excesivo o exposici\u00f3n al calor (por ejemplo, expansi\u00f3n calentada por el sol)<\/li>\n<li>Vandalismo o da\u00f1os intencionados<\/li>\n<li>Da\u00f1os por fuerza mayor o condiciones meteorol\u00f3gicas adversas<\/li>\n<li>Limpieza inadecuada o falta de mantenimiento<\/li>\n<li>Da\u00f1os causados por animales o plantas acu\u00e1ticas o marinas<\/li>\n<li>Da\u00f1os causados por productos qu\u00edmicos o agua de mala calidad<\/li>\n<\/ul>\n<p>GUMOTEX no se hace responsable de las devoluciones en garant\u00eda a pa\u00edses distintos de donde se entreg\u00f3 originalmente el producto.<\/p>\n<div class=\"blue_bg\">\n<h2>C\u00f3mo activar la garant\u00eda<\/h2>\n<p>It\u2019s easy and takes just a few minutes:<\/p>\n<ul>\n<li>Compra una embarcaci\u00f3n GUMOTEX en un distribuidor oficial o por Internet<\/li>\n<li>Reg\u00edstralo en un plazo de 30 d\u00edas<\/li>\n<li>Rellena un breve formulario &#8211; nombre, tipo de embarcaci\u00f3n, prueba de compra<\/li>\n<li>Recibir\u00e1s un correo electr\u00f3nico de confirmaci\u00f3n, y tu garant\u00eda de 5 a\u00f1os estar\u00e1 activa<\/li>\n<\/ul>\n<p><a class=\"mt-3 button button-gmtx\" href=\"https:\/\/warranty.gumotexboats.com\/?lang=es\">REGISTRE SU EMBARCACI\u00d3N<\/a><\/p>\n<\/div>\n<h2>GUMOTEX &#8211; Marca checa, calidad mundial<\/h2>\n<ul>\n<li>Fabricado en la Rep\u00fablica Checa &#8211; en B\u0159eclav, todo bajo un mismo techo<\/li>\n<li>Material patentado NITRILON\u00ae: resistente a los pinchazos, los rayos UV y la sal.<\/li>\n<li>Pruebas de calidad en dos fases de cada embarcaci\u00f3n<\/li>\n<li>Miles de usuarios de todo el mundo conf\u00edan en nosotros<\/li>\n<\/ul>\n<p>Somos una empresa checa de renombre internacional. Dise\u00f1amos, fabricamos y probamos bajo un mismo techo.<\/p>\n<p><strong>Sabemos que su confianza no viene dada, y nuestro objetivo es gan\u00e1rnosla.<\/strong><\/p>\n<\/div><\/div><\/div><\/div><\/div>\n","protected":false},"excerpt":{"rendered":"","protected":false},"author":13,"featured_media":0,"parent":0,"menu_order":0,"comment_status":"closed","ping_status":"closed","template":"","meta":{"_seopress_robots_primary_cat":"","_seopress_titles_title":"","_seopress_titles_desc":"","_seopress_robots_index":"","inline_featured_image":false,"footnotes":""},"class_list":["post-36892","page","type-page","status-publish","hentry"],"_links":{"self":[{"href":"https:\/\/gumotexboats.com\/eu\/wp-json\/wp\/v2\/pages\/36892","targetHints":{"allow":["GET"]}}],"collection":[{"href":"https:\/\/gumotexboats.com\/eu\/wp-json\/wp\/v2\/pages"}],"about":[{"href":"https:\/\/gumotexboats.com\/eu\/wp-json\/wp\/v2\/types\/page"}],"author":[{"embeddable":true,"href":"https:\/\/gumotexboats.com\/eu\/wp-json\/wp\/v2\/users\/13"}],"replies":[{"embeddable":true,"href":"https:\/\/gumotexboats.com\/eu\/wp-json\/wp\/v2\/comments?post=36892"}],"version-history":[{"count":11,"href":"https:\/\/gumotexboats.com\/eu\/wp-json\/wp\/v2\/pages\/36892\/revisions"}],"predecessor-version":[{"id":37028,"href":"https:\/\/gumotexboats.com\/eu\/wp-json\/wp\/v2\/pages\/36892\/revisions\/37028"}],"wp:attachment":[{"href":"https:\/\/gumotexboats.com\/eu\/wp-json\/wp\/v2\/media?parent=36892"}],"curies":[{"name":"wp","href":"https:\/\/api.w.org\/{rel}","templated":true}]}}