{"id":135,"date":"2022-09-16T11:32:51","date_gmt":"2022-09-16T11:32:51","guid":{"rendered":"https:\/\/gumotexboats.com\/eu\/?page_id=135"},"modified":"2025-06-16T08:06:28","modified_gmt":"2025-06-16T08:06:28","slug":"boat-repair","status":"publish","type":"page","link":"https:\/\/gumotexboats.com\/eu\/boat-repair\/","title":{"rendered":"Opravy lod\u00ed"},"content":{"rendered":"<div class=\"fusion-fullwidth fullwidth-box fusion-builder-row-1 fusion-flex-container kontejner nonhundred-percent-fullwidth non-hundred-percent-height-scrolling\" style=\"--awb-border-radius-top-left:0px;--awb-border-radius-top-right:0px;--awb-border-radius-bottom-right:0px;--awb-border-radius-bottom-left:0px;--awb-padding-top:40px;--awb-padding-right:40px;--awb-padding-bottom:40px;--awb-padding-left:50px;--awb-background-color:var(--awb-color1);--awb-flex-wrap:wrap;\" ><div class=\"fusion-builder-row fusion-row fusion-flex-align-items-flex-start fusion-flex-justify-content-flex-end fusion-flex-content-wrap\" style=\"max-width:1289.6px;margin-left: calc(-4% \/ 2 );margin-right: calc(-4% \/ 2 );\"><div class=\"fusion-layout-column fusion_builder_column fusion-builder-column-0 fusion_builder_column_1_1 1_1 fusion-flex-column\" style=\"--awb-bg-size:cover;--awb-width-large:100%;--awb-margin-top-large:15px;--awb-spacing-right-large:1.92%;--awb-margin-bottom-large:15px;--awb-spacing-left-large:7.2%;--awb-width-medium:100%;--awb-order-medium:0;--awb-spacing-right-medium:1.92%;--awb-spacing-left-medium:1.92%;--awb-width-small:100%;--awb-order-small:0;--awb-spacing-right-small:1.92%;--awb-spacing-left-small:1.92%;\"><div class=\"fusion-column-wrapper fusion-column-has-shadow fusion-flex-justify-content-flex-start fusion-content-layout-column\"><div class=\"fusion-text fusion-text-1\" style=\"--awb-text-transform:none;\"><div id=\"block-gumotexcluny-page-title\" class=\"block block-core block-page-title-block\">\n<h2 class=\"fusion-responsive-typography-calculated\" style=\"font-size: 30px; color: #1a539f; font-family: 'SP Regular'; --fontsize: 30; line-height: 1.26;\" data-fusion-font=\"true\" data-fontsize=\"30\" data-lineheight=\"37.8px\">Boat repair<\/h2>\n<p>The GUMOTEX repair shop is intended solely for the purpose of repairing GUMOTEX boats. Repairs on boats from other manufacturers will not be carried out. In the case of damage to your boat, we can offer you the services of our repair shop.<\/p>\n<p>This does not apply to manufacturing defects of boats \u2013 refer to Complaints Procedure (<a href=\"https:\/\/gumotexboats.com\/eu\/obchodni-podminky\/\">Business conditions<\/a>). Follow the information for a successful processing of your request for repair:<\/p>\n<\/div>\n<div id=\"block-gumotexcluny-content\" class=\"block block-system block-system-main-block\">\n<article class=\"node node--type-page node--view-mode-full mb-0 mb-md-5\" role=\"article\">\n<div class=\"node__content\">\n<div class=\"field field--name-field-paragraphs field--type-entity-reference-revisions field--label-hidden field__items\">\n<div class=\"mb-3\">\n<div class=\"paragraph paragraph--type--content paragraph--view-mode--default\">\n<div class=\"clearfix text-formatted field field--name-field-content field--type-text-long field--label-hidden field__item\">\n<h2 class=\"fusion-responsive-typography-calculated\" style=\"font-size: 30px; color: #000000; font-family: 'SP Regular'; --fontsize: 30; line-height: 1.26;\" data-fusion-font=\"true\" data-fontsize=\"30\" data-lineheight=\"37.8px\">Where to apply for a repair<\/h2>\n<ul>\n<li>In any stores marked as authorized service<\/li>\n<li><span style=\"background-color: var(--awb-color1); font-size: var(--body_typography-font-size); font-style: var(--body_typography-font-style,normal); font-weight: var(--body_typography-font-weight); letter-spacing: var(--body_typography-letter-spacing);\">In the repair shop of the company GUMOTEX Coating, s.r.o. <\/span><\/li>\n<\/ul>\n<h2 class=\"fusion-responsive-typography-calculated\" style=\"font-size: 30px; color: #000000; font-family: 'SP Regular'; --fontsize: 30; line-height: 1.26;\" data-fusion-font=\"true\" data-fontsize=\"30\" data-lineheight=\"37.8px\">The procedure to apply for repairs<\/h2>\n<h3 class=\"fusion-responsive-typography-calculated\" style=\"font-size: 19px; color: #000000; font-family: 'SP Regular'; --fontsize: 19; line-height: 1.88; --minfontsize: 19;\" data-fusion-font=\"true\" data-fontsize=\"19\" data-lineheight=\"35.72px\">1. Print and fill in the Repair Registration Sheet<\/h3>\n<p>Repair Registration Sheet <a href=\"https:\/\/gumotexboats.com\/eu\/wp-content\/uploads\/sites\/3\/2025\/06\/Anglicky-_EVIDENCNI-LIST-OPRAV_1.11.2024_propisovaci.pdf\">(form here)<\/a><\/p>\n<p>On the Repair Registration Sheet provide all the required data, including any specification of the damage done to the boat and your contact details.<\/p>\n<p>If you require a maximum cost of repair, please include it on the Repair Registration Sheet in the REPAIR DESCRIPTION box.<\/p>\n<p>If you wish to pick up the boat personally, state that on the Repair Registration Sheet in the REPAIR DESCRIPTION box, otherwise the repaired boat will be shipped by DPD. The cost of transportation is 10 \u20ac including VAT. You can also attach a photo of the damage to the boat.<\/p>\n<h2 class=\"fusion-responsive-typography-calculated\" style=\"--fontsize: 38; line-height: 1.26;\" data-fontsize=\"38\" data-lineheight=\"47.88px\"><span style=\"color: #000000; font-family: 'SP Regular'; font-size: 19px;\" data-fusion-font=\"true\">2. Send the boat to the address<\/span><\/h2>\n<p>GUMOTEX Coating, s.r.o.<\/p>\n<p>Sklad hotov\u00fdch v\u00fdrobk\u016f \u010d. 2 \u2013 OPRAVA (Warehouse of final products No. 2 &#8211; REPAIR)<\/p>\n<p>Ml\u00e1de\u017enick\u00e1 3062\/3a<\/p>\n<p>690 02 B\u0159eclav<\/p>\n<p><span style=\"color: #000000; font-family: 'SP Regular'; background-color: var(--awb-color1); font-size: var(--body_typography-font-size); font-style: var(--body_typography-font-style,normal); font-weight: var(--body_typography-font-weight); letter-spacing: var(--body_typography-letter-spacing);\">Attach the printed Repair Registration Sheet or a covering letter with your full address, telephone number, e-mail address, type of boat to be repaired, brief description of the boat\u00b4s defect and the registration number of the boat (Imprinted holes on a black patch on rear of the boat, number starting with &#8211; e. g. CZ-GTXW4555F909)<\/span><\/p>\n<p>In the case of personal delivery of the boat for repair, the GUMOTEX shop is also the collecting point for repairs.<\/p>\n<p><span style=\"background-color: var(--awb-color1); font-size: var(--body_typography-font-size); font-style: var(--body_typography-font-style,normal); font-weight: var(--body_typography-font-weight); letter-spacing: var(--body_typography-letter-spacing);\">Then the activity is taken over by the GUMOTEX Coating, s.r.o. staff who will register your request for repair, inspect the boat and will inform you if the cost of the repair exceeds your required maximum amount for repair (if you specified an amount on the Repair Registration Sheet).<\/span><\/p>\n<p><span style=\"color: #000000; font-family: 'SP Regular'; font-size: 19px; font-style: var(--h3_typography-font-style,normal); font-weight: var(--h3_typography-font-weight); letter-spacing: var(--h3_typography-letter-spacing); background-color: var(--awb-color1);\">3. After the repair of the boat<\/span><\/p>\n<p>You will be contacted by our staff with information about when the repaired boat will be sent to you.<\/p>\n<p>The boat will be delivered by the transport service DHL and UPS. Payment for the repairs and for the transport back to you will be charged in advance with proforma invoice. (in the case of personal pick-up of the repaired boat at the company, payment in cash).<\/p>\n<p>The contact person for questions regarding the repair process is: Ms. Ivana Hegnarov\u00e1, email : hegnarova@gumotex.cz<\/p>\n<p>The place for personal pick-up (and delivery of the boat for repair) is:<\/p>\n<p>GUMOTEX Coating, s.r.o.<\/p>\n<p>Ml\u00e1de\u017enick\u00e1 3062\/3a<\/p>\n<p>690 02 B\u0159eclav<\/p>\n<p>Opening hours: Mo \u2013 Fri: 8:00 a.m. \u2013 16:00 p.m.<\/p>\n<p>The contact person for picking up the repaired boat is email : gabriela.mechurova@gumotex.cz<\/p>\n<p>The date and time for a personal pick-up of the boat has to be arranged in advance!<\/p>\n<p>The length of the warranty period for a repair of the defect is a maximum of 6 months from the repair.<\/p>\n<h2 class=\"fusion-responsive-typography-calculated\" style=\"--fontsize: 38; line-height: 1.26;\" data-fontsize=\"38\" data-lineheight=\"47.88px\"><strong style=\"font-size: 30px; color: #000000; font-family: 'SP Regular';\" data-fusion-font=\"true\">Important<\/strong><\/h2>\n<p>Any boats that are not handed over for repair in accordance with the above mentioned instructions or that are not supplied with the required data will be returned to the customer\u00b4s address without any repair and at the customer\u2019s expense.<\/p>\n<p>The goods for repair must be properly cleaned. Otherwise, it will be returned at the customer\u00b4s expense or the cost of cleaning the boat will be charged to the customer.<\/p>\n<p>The GUMOTEX repair shop is not obliged to accept for repair any goods that are not delivered with all the required requirements or that is contaminated.<\/p>\n<h2 class=\"fusion-responsive-typography-calculated\" style=\"--fontsize: 38; line-height: 1.26;\" data-fontsize=\"38\" data-lineheight=\"47.88px\"><strong style=\"font-size: 30px; color: #000000; font-family: 'SP Regular';\" data-fusion-font=\"true\">Warning<\/strong><\/h2>\n<p>We remind the boat users that before using the boat for the first time, it is necessary to read the User\u00b4s Manual thoroughly and to follow all instructions given therein. In particular, the boat must not be left unattended in the sun and the pressure in the tubes must be checked (GUMOTEX Coating, s.r.o. offers a <a href=\"https:\/\/gumotexboats.com\/eu\/product\/manometr-pro-push-push-ventil\/\">pressure gauge<\/a> for this purpose).<\/p>\n<p>If a boat\u00b4s tube bursts as a consequence of non-compliance with the instructions, the boat cannot be registered for a warranty claim!<\/p>\n<\/div>\n<\/div>\n<\/div>\n<\/div>\n<\/div>\n<\/article>\n<\/div>\n<\/div><\/div><\/div><\/div><\/div>\n","protected":false},"excerpt":{"rendered":"","protected":false},"author":1,"featured_media":0,"parent":0,"menu_order":0,"comment_status":"closed","ping_status":"closed","template":"","meta":{"_seopress_robots_primary_cat":"","_seopress_titles_title":"","_seopress_titles_desc":"","_seopress_robots_index":"","inline_featured_image":false,"footnotes":""},"class_list":["post-135","page","type-page","status-publish","hentry"],"_links":{"self":[{"href":"https:\/\/gumotexboats.com\/eu\/wp-json\/wp\/v2\/pages\/135","targetHints":{"allow":["GET"]}}],"collection":[{"href":"https:\/\/gumotexboats.com\/eu\/wp-json\/wp\/v2\/pages"}],"about":[{"href":"https:\/\/gumotexboats.com\/eu\/wp-json\/wp\/v2\/types\/page"}],"author":[{"embeddable":true,"href":"https:\/\/gumotexboats.com\/eu\/wp-json\/wp\/v2\/users\/1"}],"replies":[{"embeddable":true,"href":"https:\/\/gumotexboats.com\/eu\/wp-json\/wp\/v2\/comments?post=135"}],"version-history":[{"count":12,"href":"https:\/\/gumotexboats.com\/eu\/wp-json\/wp\/v2\/pages\/135\/revisions"}],"predecessor-version":[{"id":37006,"href":"https:\/\/gumotexboats.com\/eu\/wp-json\/wp\/v2\/pages\/135\/revisions\/37006"}],"wp:attachment":[{"href":"https:\/\/gumotexboats.com\/eu\/wp-json\/wp\/v2\/media?parent=135"}],"curies":[{"name":"wp","href":"https:\/\/api.w.org\/{rel}","templated":true}]}}